{"id":939,"date":"2026-03-31T08:46:51","date_gmt":"2026-03-31T08:46:51","guid":{"rendered":"https:\/\/allasborze.ppke.hu\/?page_id=939"},"modified":"2026-03-31T09:01:54","modified_gmt":"2026-03-31T09:01:54","slug":"egyesek-egyesulet","status":"publish","type":"page","link":"https:\/\/allasborze.ppke.hu\/index.php\/kiallitoink\/egyesek-egyesulet\/","title":{"rendered":"Egyesek Egyes\u00fclet"},"content":{"rendered":"\t\t<div data-elementor-type=\"wp-page\" data-elementor-id=\"939\" class=\"elementor elementor-939\">\n\t\t\t\t\t\t<section class=\"elementor-section elementor-top-section elementor-element elementor-element-f70c1de elementor-section-boxed elementor-section-height-default elementor-section-height-default\" data-id=\"f70c1de\" data-element_type=\"section\">\n\t\t\t\t\t\t<div class=\"elementor-container elementor-column-gap-default\">\n\t\t\t\t\t<div class=\"elementor-column elementor-col-100 elementor-top-column elementor-element elementor-element-a72f9b4\" data-id=\"a72f9b4\" data-element_type=\"column\">\n\t\t\t<div class=\"elementor-widget-wrap elementor-element-populated\">\n\t\t\t\t\t\t<div class=\"elementor-element elementor-element-47cf265 elementor-widget elementor-widget-spacer\" data-id=\"47cf265\" data-element_type=\"widget\" data-widget_type=\"spacer.default\">\n\t\t\t\t<div class=\"elementor-widget-container\">\n\t\t\t<style>\/*! elementor - v3.23.0 - 25-07-2024 *\/\n.elementor-column .elementor-spacer-inner{height:var(--spacer-size)}.e-con{--container-widget-width:100%}.e-con-inner>.elementor-widget-spacer,.e-con>.elementor-widget-spacer{width:var(--container-widget-width,var(--spacer-size));--align-self:var(--container-widget-align-self,initial);--flex-shrink:0}.e-con-inner>.elementor-widget-spacer>.elementor-widget-container,.e-con>.elementor-widget-spacer>.elementor-widget-container{height:100%;width:100%}.e-con-inner>.elementor-widget-spacer>.elementor-widget-container>.elementor-spacer,.e-con>.elementor-widget-spacer>.elementor-widget-container>.elementor-spacer{height:100%}.e-con-inner>.elementor-widget-spacer>.elementor-widget-container>.elementor-spacer>.elementor-spacer-inner,.e-con>.elementor-widget-spacer>.elementor-widget-container>.elementor-spacer>.elementor-spacer-inner{height:var(--container-widget-height,var(--spacer-size))}.e-con-inner>.elementor-widget-spacer.elementor-widget-empty,.e-con>.elementor-widget-spacer.elementor-widget-empty{position:relative;min-height:22px;min-width:22px}.e-con-inner>.elementor-widget-spacer.elementor-widget-empty .elementor-widget-empty-icon,.e-con>.elementor-widget-spacer.elementor-widget-empty .elementor-widget-empty-icon{position:absolute;top:0;bottom:0;left:0;right:0;margin:auto;padding:0;width:22px;height:22px}<\/style>\t\t<div class=\"elementor-spacer\">\n\t\t\t<div class=\"elementor-spacer-inner\"><\/div>\n\t\t<\/div>\n\t\t\t\t<\/div>\n\t\t\t\t<\/div>\n\t\t\t\t\t<\/div>\n\t\t<\/div>\n\t\t\t\t\t<\/div>\n\t\t<\/section>\n\t\t\t\t<section class=\"elementor-section elementor-top-section elementor-element elementor-element-58353df elementor-section-boxed elementor-section-height-default elementor-section-height-default\" data-id=\"58353df\" data-element_type=\"section\">\n\t\t\t\t\t\t<div class=\"elementor-container elementor-column-gap-default\">\n\t\t\t\t\t<div class=\"elementor-column elementor-col-100 elementor-top-column elementor-element elementor-element-fdc8f2f\" data-id=\"fdc8f2f\" data-element_type=\"column\">\n\t\t\t<div class=\"elementor-widget-wrap elementor-element-populated\">\n\t\t\t\t\t\t<div class=\"elementor-element elementor-element-33f5335 elementor-widget elementor-widget-heading\" data-id=\"33f5335\" data-element_type=\"widget\" data-widget_type=\"heading.default\">\n\t\t\t\t<div class=\"elementor-widget-container\">\n\t\t\t<style>\/*! elementor - v3.23.0 - 25-07-2024 *\/\n.elementor-heading-title{padding:0;margin:0;line-height:1}.elementor-widget-heading .elementor-heading-title[class*=elementor-size-]>a{color:inherit;font-size:inherit;line-height:inherit}.elementor-widget-heading .elementor-heading-title.elementor-size-small{font-size:15px}.elementor-widget-heading .elementor-heading-title.elementor-size-medium{font-size:19px}.elementor-widget-heading .elementor-heading-title.elementor-size-large{font-size:29px}.elementor-widget-heading .elementor-heading-title.elementor-size-xl{font-size:39px}.elementor-widget-heading .elementor-heading-title.elementor-size-xxl{font-size:59px}<\/style><h2 class=\"elementor-heading-title elementor-size-default\">Egyesek Egyes\u00fclet<\/h2>\t\t<\/div>\n\t\t\t\t<\/div>\n\t\t\t\t\t<\/div>\n\t\t<\/div>\n\t\t\t\t\t<\/div>\n\t\t<\/section>\n\t\t\t\t<section class=\"elementor-section elementor-top-section elementor-element elementor-element-56b9b74 elementor-section-boxed elementor-section-height-default elementor-section-height-default\" data-id=\"56b9b74\" data-element_type=\"section\">\n\t\t\t\t\t\t<div class=\"elementor-container elementor-column-gap-default\">\n\t\t\t\t\t<div class=\"elementor-column elementor-col-50 elementor-top-column elementor-element elementor-element-0c3bba9\" data-id=\"0c3bba9\" data-element_type=\"column\">\n\t\t\t<div class=\"elementor-widget-wrap elementor-element-populated\">\n\t\t\t\t\t\t<div class=\"elementor-element elementor-element-2c19b49 elementor-widget elementor-widget-text-editor\" data-id=\"2c19b49\" data-element_type=\"widget\" data-widget_type=\"text-editor.default\">\n\t\t\t\t<div class=\"elementor-widget-container\">\n\t\t\t<style>\/*! elementor - v3.23.0 - 25-07-2024 *\/\n.elementor-widget-text-editor.elementor-drop-cap-view-stacked .elementor-drop-cap{background-color:#69727d;color:#fff}.elementor-widget-text-editor.elementor-drop-cap-view-framed .elementor-drop-cap{color:#69727d;border:3px solid;background-color:transparent}.elementor-widget-text-editor:not(.elementor-drop-cap-view-default) .elementor-drop-cap{margin-top:8px}.elementor-widget-text-editor:not(.elementor-drop-cap-view-default) .elementor-drop-cap-letter{width:1em;height:1em}.elementor-widget-text-editor .elementor-drop-cap{float:left;text-align:center;line-height:1;font-size:50px}.elementor-widget-text-editor .elementor-drop-cap-letter{display:inline-block}<\/style>\t\t\t\t<p>Az Egyesek Ifj\u00fas\u00e1gi Egyes\u00fclet c\u00e9lja, hogy hozz\u00e1j\u00e1ruljon olyan k\u00f6z\u00f6ss\u00e9gek \u00e9p\u00edt\u00e9s\u00e9hez, ahol az emberek tudatosan \u00e9lnek v\u00e1laszt\u00e1si szabads\u00e1gukkal, azt teszik, amit szeretnek, \u00e9s b\u00e9k\u00e9sen kapcsol\u00f3dnak egym\u00e1shoz. Egyes\u00fclet\u00fcnk akt\u00edv fiatalok \u00e9s fiatal szakemberek k\u00f6z\u00f6ss\u00e9ge, akik saj\u00e1t er\u0151ss\u00e9geik \u00e9s er\u0151forr\u00e1saik felfedez\u00e9s\u00e9n kereszt\u00fcl t\u00f6rekednek szem\u00e9lyes \u00e9s szakmai kiteljesed\u00e9s\u00fckre.<\/p><p>\u00a0<\/p><p>Munk\u00e1nk sor\u00e1n azon dolgozunk, hogy t\u00e1mogassuk a fiatalok, fiatal szakemberek \u00e9s k\u00f6z\u00f6ss\u00e9gek fejl\u0151d\u00e9s\u00e9t nemform\u00e1lis \u00e9s inform\u00e1lis tanul\u00e1si m\u00f3dszerekkel, k\u00fcl\u00f6n\u00f6s figyelmet ford\u00edtva a h\u00e1tr\u00e1nyos helyzet\u0171 r\u00e9gi\u00f3kra, p\u00e9ld\u00e1ul N\u00f3gr\u00e1d megy\u00e9re. Programjaink c\u00e9lja, hogy seg\u00edts\u00e9k a fiatalokat er\u0151ss\u00e9geik felismer\u00e9s\u00e9ben \u00e9s tudatos haszn\u00e1lat\u00e1ban, valamint abban, hogy felel\u0151s, tudatos \u00e9s akt\u00edv tagjaiv\u00e1 v\u00e1ljanak k\u00f6z\u00f6ss\u00e9geiknek. Fontos sz\u00e1munkra az egy\u00fcttm\u0171k\u00f6d\u00e9s, a nyitotts\u00e1g, a soksz\u00edn\u0171s\u00e9g, az \u00f6nismeret \u00e9s a folyamatos fejl\u0151d\u00e9s \u00e9rt\u00e9keinek k\u00e9pviselete, mik\u00f6zben t\u00e1mogatjuk a fiatalokat abban, hogy megtal\u00e1lj\u00e1k hely\u00fcket a vil\u00e1gban \u2013 ak\u00e1r helyi, ak\u00e1r nemzetk\u00f6zi tapasztalatokon kereszt\u00fcl.<\/p><p>\u00a0<\/p><p>Tev\u00e9kenys\u00e9geink k\u00f6z\u00e9 tartoznak a nemzetk\u00f6zi k\u00e9pz\u00e9sek \u00e9s ifj\u00fas\u00e1gi cser\u00e9k, amelyek \u00faj n\u00e9z\u0151pontok \u00e9s k\u00e9szs\u00e9gek elsaj\u00e1t\u00edt\u00e1s\u00e1t, valamint a kultur\u00e1lis soksz\u00edn\u0171s\u00e9g megtapasztal\u00e1s\u00e1t seg\u00edtik el\u0151; az \u00f6nk\u00e9ntes projektek \u00e9s k\u00f6z\u00f6ss\u00e9gi kezdem\u00e9nyez\u00e9sek, amelyek sor\u00e1n a r\u00e9sztvev\u0151k akt\u00edvan hozz\u00e1j\u00e1rulnak k\u00f6rnyezet\u00fck fejleszt\u00e9s\u00e9hez; valamint az ifj\u00fas\u00e1gi munka, amely lehet\u0151s\u00e9get teremt a fiatalok t\u00e1mogat\u00e1s\u00e1ra, programok szervez\u00e9s\u00e9re \u00e9s k\u00f6z\u00f6ss\u00e9gi szerepv\u00e1llal\u00e1sra, ez\u00e1ltal er\u0151s\u00edtve vezet\u0151i \u00e9s egy\u00fcttm\u0171k\u00f6d\u00e9si k\u00e9szs\u00e9geiket.<\/p><p>\u00a0<\/p><p>Programjaink k\u00f6z\u00e9ppontj\u00e1ban a gyakorlati, tapasztalati tanul\u00e1s \u00e1ll, amely lehet\u0151v\u00e9 teszi a fiatalok sz\u00e1m\u00e1ra, hogy val\u00f3s, k\u00e9zzelfoghat\u00f3 hat\u00e1st gyakoroljanak k\u00f6rnyezet\u00fckre, mik\u00f6zben t\u00e1mogatja szem\u00e9lyes \u00e9s szakmai fejl\u0151d\u00e9s\u00fcket.<\/p>\t\t\t\t\t\t<\/div>\n\t\t\t\t<\/div>\n\t\t\t\t\t<\/div>\n\t\t<\/div>\n\t\t\t\t<div class=\"elementor-column elementor-col-50 elementor-top-column elementor-element elementor-element-d09b167\" data-id=\"d09b167\" data-element_type=\"column\">\n\t\t\t<div class=\"elementor-widget-wrap elementor-element-populated\">\n\t\t\t\t\t\t<div class=\"elementor-element elementor-element-b86f1d2 elementor-widget elementor-widget-image\" data-id=\"b86f1d2\" data-element_type=\"widget\" data-widget_type=\"image.default\">\n\t\t\t\t<div class=\"elementor-widget-container\">\n\t\t\t<style>\/*! elementor - v3.23.0 - 25-07-2024 *\/\n.elementor-widget-image{text-align:center}.elementor-widget-image a{display:inline-block}.elementor-widget-image a img[src$=\".svg\"]{width:48px}.elementor-widget-image img{vertical-align:middle;display:inline-block}<\/style>\t\t\t\t\t\t\t\t\t\t<img fetchpriority=\"high\" decoding=\"async\" width=\"640\" height=\"569\" src=\"https:\/\/allasborze.ppke.hu\/wp-content\/uploads\/2026\/03\/Egyesek_logo_RGB-5-1024x911.png\" class=\"attachment-large size-large wp-image-846\" alt=\"\" srcset=\"https:\/\/allasborze.ppke.hu\/wp-content\/uploads\/2026\/03\/Egyesek_logo_RGB-5-1024x911.png 1024w, https:\/\/allasborze.ppke.hu\/wp-content\/uploads\/2026\/03\/Egyesek_logo_RGB-5-300x267.png 300w, https:\/\/allasborze.ppke.hu\/wp-content\/uploads\/2026\/03\/Egyesek_logo_RGB-5-768x683.png 768w, https:\/\/allasborze.ppke.hu\/wp-content\/uploads\/2026\/03\/Egyesek_logo_RGB-5-1536x1367.png 1536w, https:\/\/allasborze.ppke.hu\/wp-content\/uploads\/2026\/03\/Egyesek_logo_RGB-5.png 1772w\" sizes=\"(max-width: 640px) 100vw, 640px\" \/>\t\t\t\t\t\t\t\t\t\t\t\t\t<\/div>\n\t\t\t\t<\/div>\n\t\t\t\t\t<\/div>\n\t\t<\/div>\n\t\t\t\t\t<\/div>\n\t\t<\/section>\n\t\t\t\t<section class=\"elementor-section elementor-top-section elementor-element elementor-element-d60048e elementor-section-boxed elementor-section-height-default elementor-section-height-default\" data-id=\"d60048e\" data-element_type=\"section\">\n\t\t\t\t\t\t<div class=\"elementor-container elementor-column-gap-default\">\n\t\t\t\t\t<div class=\"elementor-column elementor-col-100 elementor-top-column elementor-element elementor-element-fabba81\" data-id=\"fabba81\" data-element_type=\"column\">\n\t\t\t<div class=\"elementor-widget-wrap elementor-element-populated\">\n\t\t\t\t\t\t<div class=\"elementor-element elementor-element-c1b0592 elementor-widget elementor-widget-video\" data-id=\"c1b0592\" data-element_type=\"widget\" data-settings=\"{&quot;youtube_url&quot;:&quot;https:\\\/\\\/www.youtube.com\\\/watch?v=TKlixyCmZKM&quot;,&quot;video_type&quot;:&quot;youtube&quot;,&quot;controls&quot;:&quot;yes&quot;}\" data-widget_type=\"video.default\">\n\t\t\t\t<div class=\"elementor-widget-container\">\n\t\t\t<style>\/*! elementor - v3.23.0 - 25-07-2024 *\/\n.elementor-widget-video .elementor-widget-container{overflow:hidden;transform:translateZ(0)}.elementor-widget-video .elementor-wrapper{aspect-ratio:var(--video-aspect-ratio)}.elementor-widget-video .elementor-wrapper iframe,.elementor-widget-video .elementor-wrapper video{height:100%;width:100%;display:flex;border:none;background-color:#000}@supports not (aspect-ratio:1\/1){.elementor-widget-video .elementor-wrapper{position:relative;overflow:hidden;height:0;padding-bottom:calc(100% \/ var(--video-aspect-ratio))}.elementor-widget-video .elementor-wrapper iframe,.elementor-widget-video .elementor-wrapper video{position:absolute;top:0;right:0;bottom:0;left:0}}.elementor-widget-video .elementor-open-inline .elementor-custom-embed-image-overlay{position:absolute;top:0;right:0;bottom:0;left:0;background-size:cover;background-position:50%}.elementor-widget-video .elementor-custom-embed-image-overlay{cursor:pointer;text-align:center}.elementor-widget-video .elementor-custom-embed-image-overlay:hover .elementor-custom-embed-play i{opacity:1}.elementor-widget-video .elementor-custom-embed-image-overlay img{display:block;width:100%;aspect-ratio:var(--video-aspect-ratio);-o-object-fit:cover;object-fit:cover;-o-object-position:center center;object-position:center center}@supports not (aspect-ratio:1\/1){.elementor-widget-video .elementor-custom-embed-image-overlay{position:relative;overflow:hidden;height:0;padding-bottom:calc(100% \/ var(--video-aspect-ratio))}.elementor-widget-video .elementor-custom-embed-image-overlay img{position:absolute;top:0;right:0;bottom:0;left:0}}.elementor-widget-video .e-hosted-video .elementor-video{-o-object-fit:cover;object-fit:cover}.e-con-inner>.elementor-widget-video,.e-con>.elementor-widget-video{width:var(--container-widget-width);--flex-grow:var(--container-widget-flex-grow)}<\/style>\t\t<div class=\"elementor-wrapper elementor-open-inline\">\n\t\t\t<div class=\"elementor-video\"><\/div>\t\t<\/div>\n\t\t\t\t<\/div>\n\t\t\t\t<\/div>\n\t\t\t\t\t<\/div>\n\t\t<\/div>\n\t\t\t\t\t<\/div>\n\t\t<\/section>\n\t\t\t\t<\/div>\n\t\t","protected":false},"excerpt":{"rendered":"<p>Egyesek Egyes\u00fclet Az Egyesek Ifj\u00fas\u00e1gi Egyes\u00fclet c\u00e9lja, hogy hozz\u00e1j\u00e1ruljon olyan k\u00f6z\u00f6ss\u00e9gek \u00e9p\u00edt\u00e9s\u00e9hez, ahol az emberek tudatosan \u00e9lnek v\u00e1laszt\u00e1si szabads\u00e1gukkal, azt teszik, amit szeretnek, \u00e9s b\u00e9k\u00e9sen kapcsol\u00f3dnak egym\u00e1shoz. Egyes\u00fclet\u00fcnk akt\u00edv fiatalok \u00e9s fiatal szakemberek k\u00f6z\u00f6ss\u00e9ge, akik saj\u00e1t er\u0151ss\u00e9geik \u00e9s er\u0151forr\u00e1saik felfedez\u00e9s\u00e9n kereszt\u00fcl t\u00f6rekednek szem\u00e9lyes \u00e9s szakmai kiteljesed\u00e9s\u00fckre. \u00a0 Munk\u00e1nk sor\u00e1n azon dolgozunk, hogy t\u00e1mogassuk a fiatalok, fiatal szakemberek \u00e9s k\u00f6z\u00f6ss\u00e9gek fejl\u0151d\u00e9s\u00e9t [&hellip;]<\/p>\n","protected":false},"author":2,"featured_media":0,"parent":211,"menu_order":0,"comment_status":"closed","ping_status":"closed","template":"elementor_header_footer","meta":{"footnotes":""},"class_list":["post-939","page","type-page","status-publish","hentry"],"_links":{"self":[{"href":"https:\/\/allasborze.ppke.hu\/index.php\/wp-json\/wp\/v2\/pages\/939","targetHints":{"allow":["GET"]}}],"collection":[{"href":"https:\/\/allasborze.ppke.hu\/index.php\/wp-json\/wp\/v2\/pages"}],"about":[{"href":"https:\/\/allasborze.ppke.hu\/index.php\/wp-json\/wp\/v2\/types\/page"}],"author":[{"embeddable":true,"href":"https:\/\/allasborze.ppke.hu\/index.php\/wp-json\/wp\/v2\/users\/2"}],"replies":[{"embeddable":true,"href":"https:\/\/allasborze.ppke.hu\/index.php\/wp-json\/wp\/v2\/comments?post=939"}],"version-history":[{"count":5,"href":"https:\/\/allasborze.ppke.hu\/index.php\/wp-json\/wp\/v2\/pages\/939\/revisions"}],"predecessor-version":[{"id":944,"href":"https:\/\/allasborze.ppke.hu\/index.php\/wp-json\/wp\/v2\/pages\/939\/revisions\/944"}],"up":[{"embeddable":true,"href":"https:\/\/allasborze.ppke.hu\/index.php\/wp-json\/wp\/v2\/pages\/211"}],"wp:attachment":[{"href":"https:\/\/allasborze.ppke.hu\/index.php\/wp-json\/wp\/v2\/media?parent=939"}],"curies":[{"name":"wp","href":"https:\/\/api.w.org\/{rel}","templated":true}]}}