{"id":918,"date":"2026-03-31T08:32:58","date_gmt":"2026-03-31T08:32:58","guid":{"rendered":"https:\/\/allasborze.ppke.hu\/?page_id=918"},"modified":"2026-03-31T09:02:42","modified_gmt":"2026-03-31T09:02:42","slug":"ludovika-collegium","status":"publish","type":"page","link":"https:\/\/allasborze.ppke.hu\/index.php\/kiallitoink\/ludovika-collegium\/","title":{"rendered":"Ludovika Collegium"},"content":{"rendered":"\t\t<div data-elementor-type=\"wp-page\" data-elementor-id=\"918\" class=\"elementor elementor-918\">\n\t\t\t\t\t\t<section class=\"elementor-section elementor-top-section elementor-element elementor-element-2aacc8c elementor-section-boxed elementor-section-height-default elementor-section-height-default\" data-id=\"2aacc8c\" data-element_type=\"section\">\n\t\t\t\t\t\t<div class=\"elementor-container elementor-column-gap-default\">\n\t\t\t\t\t<div class=\"elementor-column elementor-col-100 elementor-top-column elementor-element elementor-element-370d599\" data-id=\"370d599\" data-element_type=\"column\">\n\t\t\t<div class=\"elementor-widget-wrap elementor-element-populated\">\n\t\t\t\t\t\t<div class=\"elementor-element elementor-element-a0afb07 elementor-widget elementor-widget-spacer\" data-id=\"a0afb07\" data-element_type=\"widget\" data-widget_type=\"spacer.default\">\n\t\t\t\t<div class=\"elementor-widget-container\">\n\t\t\t<style>\/*! elementor - v3.23.0 - 25-07-2024 *\/\n.elementor-column .elementor-spacer-inner{height:var(--spacer-size)}.e-con{--container-widget-width:100%}.e-con-inner>.elementor-widget-spacer,.e-con>.elementor-widget-spacer{width:var(--container-widget-width,var(--spacer-size));--align-self:var(--container-widget-align-self,initial);--flex-shrink:0}.e-con-inner>.elementor-widget-spacer>.elementor-widget-container,.e-con>.elementor-widget-spacer>.elementor-widget-container{height:100%;width:100%}.e-con-inner>.elementor-widget-spacer>.elementor-widget-container>.elementor-spacer,.e-con>.elementor-widget-spacer>.elementor-widget-container>.elementor-spacer{height:100%}.e-con-inner>.elementor-widget-spacer>.elementor-widget-container>.elementor-spacer>.elementor-spacer-inner,.e-con>.elementor-widget-spacer>.elementor-widget-container>.elementor-spacer>.elementor-spacer-inner{height:var(--container-widget-height,var(--spacer-size))}.e-con-inner>.elementor-widget-spacer.elementor-widget-empty,.e-con>.elementor-widget-spacer.elementor-widget-empty{position:relative;min-height:22px;min-width:22px}.e-con-inner>.elementor-widget-spacer.elementor-widget-empty .elementor-widget-empty-icon,.e-con>.elementor-widget-spacer.elementor-widget-empty .elementor-widget-empty-icon{position:absolute;top:0;bottom:0;left:0;right:0;margin:auto;padding:0;width:22px;height:22px}<\/style>\t\t<div class=\"elementor-spacer\">\n\t\t\t<div class=\"elementor-spacer-inner\"><\/div>\n\t\t<\/div>\n\t\t\t\t<\/div>\n\t\t\t\t<\/div>\n\t\t\t\t\t<\/div>\n\t\t<\/div>\n\t\t\t\t\t<\/div>\n\t\t<\/section>\n\t\t\t\t<section class=\"elementor-section elementor-top-section elementor-element elementor-element-72c2a5a elementor-section-boxed elementor-section-height-default elementor-section-height-default\" data-id=\"72c2a5a\" data-element_type=\"section\">\n\t\t\t\t\t\t<div class=\"elementor-container elementor-column-gap-default\">\n\t\t\t\t\t<div class=\"elementor-column elementor-col-100 elementor-top-column elementor-element elementor-element-8257db4\" data-id=\"8257db4\" data-element_type=\"column\">\n\t\t\t<div class=\"elementor-widget-wrap elementor-element-populated\">\n\t\t\t\t\t\t<div class=\"elementor-element elementor-element-1ca245b elementor-widget elementor-widget-heading\" data-id=\"1ca245b\" data-element_type=\"widget\" data-widget_type=\"heading.default\">\n\t\t\t\t<div class=\"elementor-widget-container\">\n\t\t\t<style>\/*! elementor - v3.23.0 - 25-07-2024 *\/\n.elementor-heading-title{padding:0;margin:0;line-height:1}.elementor-widget-heading .elementor-heading-title[class*=elementor-size-]>a{color:inherit;font-size:inherit;line-height:inherit}.elementor-widget-heading .elementor-heading-title.elementor-size-small{font-size:15px}.elementor-widget-heading .elementor-heading-title.elementor-size-medium{font-size:19px}.elementor-widget-heading .elementor-heading-title.elementor-size-large{font-size:29px}.elementor-widget-heading .elementor-heading-title.elementor-size-xl{font-size:39px}.elementor-widget-heading .elementor-heading-title.elementor-size-xxl{font-size:59px}<\/style><h2 class=\"elementor-heading-title elementor-size-default\">Ludovika Collegium<\/h2>\t\t<\/div>\n\t\t\t\t<\/div>\n\t\t\t\t\t<\/div>\n\t\t<\/div>\n\t\t\t\t\t<\/div>\n\t\t<\/section>\n\t\t\t\t<section class=\"elementor-section elementor-top-section elementor-element elementor-element-d1fe239 elementor-section-boxed elementor-section-height-default elementor-section-height-default\" data-id=\"d1fe239\" data-element_type=\"section\">\n\t\t\t\t\t\t<div class=\"elementor-container elementor-column-gap-default\">\n\t\t\t\t\t<div class=\"elementor-column elementor-col-50 elementor-top-column elementor-element elementor-element-909d613\" data-id=\"909d613\" data-element_type=\"column\">\n\t\t\t<div class=\"elementor-widget-wrap elementor-element-populated\">\n\t\t\t\t\t\t<div class=\"elementor-element elementor-element-7091b17 elementor-widget elementor-widget-text-editor\" data-id=\"7091b17\" data-element_type=\"widget\" data-widget_type=\"text-editor.default\">\n\t\t\t\t<div class=\"elementor-widget-container\">\n\t\t\t<style>\/*! elementor - v3.23.0 - 25-07-2024 *\/\n.elementor-widget-text-editor.elementor-drop-cap-view-stacked .elementor-drop-cap{background-color:#69727d;color:#fff}.elementor-widget-text-editor.elementor-drop-cap-view-framed .elementor-drop-cap{color:#69727d;border:3px solid;background-color:transparent}.elementor-widget-text-editor:not(.elementor-drop-cap-view-default) .elementor-drop-cap{margin-top:8px}.elementor-widget-text-editor:not(.elementor-drop-cap-view-default) .elementor-drop-cap-letter{width:1em;height:1em}.elementor-widget-text-editor .elementor-drop-cap{float:left;text-align:center;line-height:1;font-size:50px}.elementor-widget-text-editor .elementor-drop-cap-letter{display:inline-block}<\/style>\t\t\t\t<p>A magyar k\u00f6zigazgat\u00e1sban szakmailag felk\u00e9sz\u00fclt, k\u00e9pzett, idegen nyelveken is j\u00f3l besz\u00e9l\u0151 szakemberekre van sz\u00fcks\u00e9g, akik tud\u00e1sukkal t\u00e1mogatj\u00e1k a k\u00f6zpolitikai \u00e9s k\u00f6zigazgat\u00e1si munk\u00e1t. Ezt a folyamatot seg\u00edti a 2021 febru\u00e1rj\u00e1ban indult Ludovika Collegium, amely a hagyom\u00e1nyos egyetemi tanulm\u00e1nyokon t\u00falmutatva folytat k\u00e9pz\u00e9st. A n\u00e9gy-hat f\u00e9l\u00e9ves k\u00e9pz\u00e9sre \u2013 m\u00e1s tehets\u00e9ggondoz\u00f3 programokt\u00f3l elt\u00e9r\u0151en \u2013 b\u00e1rmely tudom\u00e1nyter\u00fclet hallgat\u00f3i jelentkezhetnek, \u00edgy egy olyan egyetemk\u00f6zi szakmai m\u0171hely \u00e9s hallgat\u00f3i k\u00f6z\u00f6ss\u00e9g j\u00f6n l\u00e9tre, amelynek tagjai egym\u00e1st is \u00f6szt\u00f6nzik az \u00faj ismeretek megszerz\u00e9s\u00e9re. A magyar \u00e9s a glob\u00e1lis k\u00f6rnyezet aktu\u00e1lis kih\u00edv\u00e1saira is reflekt\u00e1l\u00f3, a k\u00f6telez\u0151 szakmai gyakorlati elem r\u00e9v\u00e9n k\u00fclf\u00f6ldi tapasztalatszerz\u00e9st is biztos\u00edt\u00f3 programban a tantermi jelleg\u0171 k\u00e9pz\u00e9s mellett innovat\u00edv oktat\u00e1si form\u00e1kkal is tal\u00e1lkozhatnak a r\u00e9sztvev\u0151k. A k\u00f6zigazgat\u00e1si f\u00f3kusszal rendelkez\u0151 tematikus \u00edvekhez int\u00e9zm\u00e9nyl\u00e1togat\u00e1sok \u00e9s hackathonok kapcsol\u00f3dnak, tov\u00e1bb\u00e1 tr\u00e9ningek, projektmunk\u00e1k, m\u0171helyfoglalkoz\u00e1sok, ingyenes nyelvoktat\u00e1s, valamint belf\u00f6ldi \u2013miniszt\u00e9riumi k\u00f6zegben is teljes\u00edthet\u0151 \u2013 szakmai gyakornoki lehet\u0151s\u00e9gek v\u00e1rnak a leend\u0151 hallgat\u00f3kra, de \u00e9pp\u00fagy a gyakorlati kih\u00edv\u00e1sokat ig\u00e9nyl\u0151 \u00f6nk\u00e9ntes munk\u00e1ba is belek\u00f3stolhatnak a k\u00e9pz\u00e9s sor\u00e1n. A tehets\u00e9ggondoz\u00f3 program egyik nagy el\u0151nye, hogy minden hallgat\u00f3j\u00e1ra szem\u00e9lyes figyelem h\u00e1rul, a fejleszt\u00e9st az NKE oktat\u00f3i mellett hazai \u00e9s k\u00fclf\u00f6ldi mentorok is seg\u00edtik. Ez\u00e1ltal lehet\u0151s\u00e9g ny\u00edlik, hogy a hallgat\u00f3k ne csak saj\u00e1t szakter\u00fclet\u00fck\u00f6n rendelkezzenek a gyakorlatban is hasznos\u00edthat\u00f3, kimagasl\u00f3 tud\u00e1ssal, hanem k\u00e9pesek legyenek komplex \u00f6sszef\u00fcgg\u00e9sek meg\u00e9rt\u00e9s\u00e9re, \u00e9s ak\u00e1r b\u00e1tor vezet\u0151i d\u00f6nt\u00e9sek meghozatal\u00e1ra is. Ez a fajta szem\u00e9lyes fejleszt\u00e9s jelent\u0151sen el\u0151seg\u00edti az egy\u00e9ni karrierc\u00e9lok tudatos kialak\u00edt\u00e1s\u00e1t is. A Ludovika Collegiumba az NKE hallgat\u00f3i mellett m\u00e1s, magyarorsz\u00e1gi sz\u00e9khely\u0171 fels\u0151oktat\u00e1si int\u00e9zm\u00e9nyben, nappali k\u00e9pz\u00e9sben tanul\u00f3 fiatalok is jelentkezhetnek 18 \u00e9s 30 \u00e9ves kor k\u00f6z\u00f6tt, akik k\u00f6z\u00fcl t\u00f6bbl\u00e9pcs\u0151s felv\u00e9teli elj\u00e1r\u00e1sban v\u00e1lasztj\u00e1k ki a legtehets\u00e9gesebb, legink\u00e1bb motiv\u00e1lt hallgat\u00f3kat, aktu\u00e1lis napt\u00e1ri \u00e9v tavaszi id\u0151szak\u00e1ban.<\/p>\t\t\t\t\t\t<\/div>\n\t\t\t\t<\/div>\n\t\t\t\t\t<\/div>\n\t\t<\/div>\n\t\t\t\t<div class=\"elementor-column elementor-col-50 elementor-top-column elementor-element elementor-element-a6538d4\" data-id=\"a6538d4\" data-element_type=\"column\">\n\t\t\t<div class=\"elementor-widget-wrap elementor-element-populated\">\n\t\t\t\t\t\t<div class=\"elementor-element elementor-element-9956699 elementor-widget elementor-widget-image\" data-id=\"9956699\" data-element_type=\"widget\" data-widget_type=\"image.default\">\n\t\t\t\t<div class=\"elementor-widget-container\">\n\t\t\t<style>\/*! elementor - v3.23.0 - 25-07-2024 *\/\n.elementor-widget-image{text-align:center}.elementor-widget-image a{display:inline-block}.elementor-widget-image a img[src$=\".svg\"]{width:48px}.elementor-widget-image img{vertical-align:middle;display:inline-block}<\/style>\t\t\t\t\t\t\t\t\t\t<img fetchpriority=\"high\" decoding=\"async\" width=\"640\" height=\"640\" src=\"https:\/\/allasborze.ppke.hu\/wp-content\/uploads\/2026\/03\/Ludovika-Collegium_logo_NKE_szines-1024x1024.jpg\" class=\"attachment-large size-large wp-image-865\" alt=\"\" srcset=\"https:\/\/allasborze.ppke.hu\/wp-content\/uploads\/2026\/03\/Ludovika-Collegium_logo_NKE_szines-1024x1024.jpg 1024w, https:\/\/allasborze.ppke.hu\/wp-content\/uploads\/2026\/03\/Ludovika-Collegium_logo_NKE_szines-300x300.jpg 300w, https:\/\/allasborze.ppke.hu\/wp-content\/uploads\/2026\/03\/Ludovika-Collegium_logo_NKE_szines-150x150.jpg 150w, https:\/\/allasborze.ppke.hu\/wp-content\/uploads\/2026\/03\/Ludovika-Collegium_logo_NKE_szines-768x768.jpg 768w, https:\/\/allasborze.ppke.hu\/wp-content\/uploads\/2026\/03\/Ludovika-Collegium_logo_NKE_szines-1536x1536.jpg 1536w, https:\/\/allasborze.ppke.hu\/wp-content\/uploads\/2026\/03\/Ludovika-Collegium_logo_NKE_szines-2048x2048.jpg 2048w\" sizes=\"(max-width: 640px) 100vw, 640px\" \/>\t\t\t\t\t\t\t\t\t\t\t\t\t<\/div>\n\t\t\t\t<\/div>\n\t\t\t\t<div class=\"elementor-element elementor-element-394f84f elementor-widget elementor-widget-spacer\" data-id=\"394f84f\" data-element_type=\"widget\" data-widget_type=\"spacer.default\">\n\t\t\t\t<div class=\"elementor-widget-container\">\n\t\t\t\t\t<div class=\"elementor-spacer\">\n\t\t\t<div class=\"elementor-spacer-inner\"><\/div>\n\t\t<\/div>\n\t\t\t\t<\/div>\n\t\t\t\t<\/div>\n\t\t\t\t<div class=\"elementor-element elementor-element-9e0afb2 elementor-widget elementor-widget-text-editor\" data-id=\"9e0afb2\" data-element_type=\"widget\" data-widget_type=\"text-editor.default\">\n\t\t\t\t<div class=\"elementor-widget-container\">\n\t\t\t\t\t\t\t<p>A Ludovika Collegium magyarorsz\u00e1gi telephellyel rendelkez\u0151 fels\u0151oktat\u00e1si int\u00e9zm\u00e9nybe j\u00e1r\u00f3, nappali tagozatos (BA-, <span id=\"OBJ_PREFIX_DWT1948_com_zimbra_date\" class=\"Object\" role=\"link\"><span id=\"OBJ_PREFIX_DWT2024_com_zimbra_date\" class=\"Object\" role=\"link\">MA<\/span><\/span>-, PhD-) <span id=\"OBJ_PREFIX_DWT1949_com_zimbra_date\" class=\"Object\" role=\"link\"><span id=\"OBJ_PREFIX_DWT2025_com_zimbra_date\" class=\"Object\" role=\"link\">k<\/span><\/span>\u00e9pz\u00e9sben r\u00e9szt vev\u0151, 18 \u00e9s 30 \u00e9v <span id=\"OBJ_PREFIX_DWT1950_com_zimbra_date\" class=\"Object\" role=\"link\"><span id=\"OBJ_PREFIX_DWT2026_com_zimbra_date\" class=\"Object\" role=\"link\">k<\/span><\/span>\u00f6z\u00f6tti hallgat\u00f3<span id=\"OBJ_PREFIX_DWT1951_com_zimbra_date\" class=\"Object\" role=\"link\"><span id=\"OBJ_PREFIX_DWT2027_com_zimbra_date\" class=\"Object\" role=\"link\">k<\/span><\/span> jelentkez\u00e9s\u00e9t v\u00e1rja a tavaszi jelentkez\u00e9si id\u0151szakban,\u00a0<b>2026. <span id=\"OBJ_PREFIX_DWT1952_com_zimbra_date\" class=\"Object\" role=\"link\"><span id=\"OBJ_PREFIX_DWT2028_com_zimbra_date\" class=\"Object\" role=\"link\">m\u00e1jus 3<\/span>&#8211;<\/span>ig<\/b>!<\/p>\t\t\t\t\t\t<\/div>\n\t\t\t\t<\/div>\n\t\t\t\t\t<\/div>\n\t\t<\/div>\n\t\t\t\t\t<\/div>\n\t\t<\/section>\n\t\t\t\t<section class=\"elementor-section elementor-top-section elementor-element elementor-element-0fb868a elementor-section-boxed elementor-section-height-default elementor-section-height-default\" data-id=\"0fb868a\" data-element_type=\"section\">\n\t\t\t\t\t\t<div class=\"elementor-container elementor-column-gap-default\">\n\t\t\t\t\t<div class=\"elementor-column elementor-col-100 elementor-top-column elementor-element elementor-element-c2ae03d\" data-id=\"c2ae03d\" data-element_type=\"column\">\n\t\t\t<div class=\"elementor-widget-wrap elementor-element-populated\">\n\t\t\t\t\t\t<div class=\"elementor-element elementor-element-99819cf elementor-widget elementor-widget-video\" data-id=\"99819cf\" data-element_type=\"widget\" data-settings=\"{&quot;youtube_url&quot;:&quot;https:\\\/\\\/www.youtube.com\\\/watch?si=YgZCRcSUPF-7M8we&amp;v=L8blKijr2mA&amp;feature=youtu.be&quot;,&quot;video_type&quot;:&quot;youtube&quot;,&quot;controls&quot;:&quot;yes&quot;}\" data-widget_type=\"video.default\">\n\t\t\t\t<div class=\"elementor-widget-container\">\n\t\t\t<style>\/*! elementor - v3.23.0 - 25-07-2024 *\/\n.elementor-widget-video .elementor-widget-container{overflow:hidden;transform:translateZ(0)}.elementor-widget-video .elementor-wrapper{aspect-ratio:var(--video-aspect-ratio)}.elementor-widget-video .elementor-wrapper iframe,.elementor-widget-video .elementor-wrapper video{height:100%;width:100%;display:flex;border:none;background-color:#000}@supports not (aspect-ratio:1\/1){.elementor-widget-video .elementor-wrapper{position:relative;overflow:hidden;height:0;padding-bottom:calc(100% \/ var(--video-aspect-ratio))}.elementor-widget-video .elementor-wrapper iframe,.elementor-widget-video .elementor-wrapper video{position:absolute;top:0;right:0;bottom:0;left:0}}.elementor-widget-video .elementor-open-inline .elementor-custom-embed-image-overlay{position:absolute;top:0;right:0;bottom:0;left:0;background-size:cover;background-position:50%}.elementor-widget-video .elementor-custom-embed-image-overlay{cursor:pointer;text-align:center}.elementor-widget-video .elementor-custom-embed-image-overlay:hover .elementor-custom-embed-play i{opacity:1}.elementor-widget-video .elementor-custom-embed-image-overlay img{display:block;width:100%;aspect-ratio:var(--video-aspect-ratio);-o-object-fit:cover;object-fit:cover;-o-object-position:center center;object-position:center center}@supports not (aspect-ratio:1\/1){.elementor-widget-video .elementor-custom-embed-image-overlay{position:relative;overflow:hidden;height:0;padding-bottom:calc(100% \/ var(--video-aspect-ratio))}.elementor-widget-video .elementor-custom-embed-image-overlay img{position:absolute;top:0;right:0;bottom:0;left:0}}.elementor-widget-video .e-hosted-video .elementor-video{-o-object-fit:cover;object-fit:cover}.e-con-inner>.elementor-widget-video,.e-con>.elementor-widget-video{width:var(--container-widget-width);--flex-grow:var(--container-widget-flex-grow)}<\/style>\t\t<div class=\"elementor-wrapper elementor-open-inline\">\n\t\t\t<div class=\"elementor-video\"><\/div>\t\t<\/div>\n\t\t\t\t<\/div>\n\t\t\t\t<\/div>\n\t\t\t\t\t<\/div>\n\t\t<\/div>\n\t\t\t\t\t<\/div>\n\t\t<\/section>\n\t\t\t\t<\/div>\n\t\t","protected":false},"excerpt":{"rendered":"<p>Ludovika Collegium A magyar k\u00f6zigazgat\u00e1sban szakmailag felk\u00e9sz\u00fclt, k\u00e9pzett, idegen nyelveken is j\u00f3l besz\u00e9l\u0151 szakemberekre van sz\u00fcks\u00e9g, akik tud\u00e1sukkal t\u00e1mogatj\u00e1k a k\u00f6zpolitikai \u00e9s k\u00f6zigazgat\u00e1si munk\u00e1t. Ezt a folyamatot seg\u00edti a 2021 febru\u00e1rj\u00e1ban indult Ludovika Collegium, amely a hagyom\u00e1nyos egyetemi tanulm\u00e1nyokon t\u00falmutatva folytat k\u00e9pz\u00e9st. A n\u00e9gy-hat f\u00e9l\u00e9ves k\u00e9pz\u00e9sre \u2013 m\u00e1s tehets\u00e9ggondoz\u00f3 programokt\u00f3l elt\u00e9r\u0151en \u2013 b\u00e1rmely tudom\u00e1nyter\u00fclet hallgat\u00f3i jelentkezhetnek, \u00edgy egy olyan egyetemk\u00f6zi [&hellip;]<\/p>\n","protected":false},"author":2,"featured_media":0,"parent":211,"menu_order":0,"comment_status":"closed","ping_status":"closed","template":"elementor_header_footer","meta":{"footnotes":""},"class_list":["post-918","page","type-page","status-publish","hentry"],"_links":{"self":[{"href":"https:\/\/allasborze.ppke.hu\/index.php\/wp-json\/wp\/v2\/pages\/918","targetHints":{"allow":["GET"]}}],"collection":[{"href":"https:\/\/allasborze.ppke.hu\/index.php\/wp-json\/wp\/v2\/pages"}],"about":[{"href":"https:\/\/allasborze.ppke.hu\/index.php\/wp-json\/wp\/v2\/types\/page"}],"author":[{"embeddable":true,"href":"https:\/\/allasborze.ppke.hu\/index.php\/wp-json\/wp\/v2\/users\/2"}],"replies":[{"embeddable":true,"href":"https:\/\/allasborze.ppke.hu\/index.php\/wp-json\/wp\/v2\/comments?post=918"}],"version-history":[{"count":8,"href":"https:\/\/allasborze.ppke.hu\/index.php\/wp-json\/wp\/v2\/pages\/918\/revisions"}],"predecessor-version":[{"id":926,"href":"https:\/\/allasborze.ppke.hu\/index.php\/wp-json\/wp\/v2\/pages\/918\/revisions\/926"}],"up":[{"embeddable":true,"href":"https:\/\/allasborze.ppke.hu\/index.php\/wp-json\/wp\/v2\/pages\/211"}],"wp:attachment":[{"href":"https:\/\/allasborze.ppke.hu\/index.php\/wp-json\/wp\/v2\/media?parent=918"}],"curies":[{"name":"wp","href":"https:\/\/api.w.org\/{rel}","templated":true}]}}