{"id":912,"date":"2026-03-31T08:27:51","date_gmt":"2026-03-31T08:27:51","guid":{"rendered":"https:\/\/allasborze.ppke.hu\/?page_id=912"},"modified":"2026-03-31T09:01:09","modified_gmt":"2026-03-31T09:01:09","slug":"amigos","status":"publish","type":"page","link":"https:\/\/allasborze.ppke.hu\/index.php\/kiallitoink\/amigos\/","title":{"rendered":"Amigos"},"content":{"rendered":"\t\t<div data-elementor-type=\"wp-page\" data-elementor-id=\"912\" class=\"elementor elementor-912\">\n\t\t\t\t\t\t<section class=\"elementor-section elementor-top-section elementor-element elementor-element-45615ba elementor-section-boxed elementor-section-height-default elementor-section-height-default\" data-id=\"45615ba\" data-element_type=\"section\">\n\t\t\t\t\t\t<div class=\"elementor-container elementor-column-gap-default\">\n\t\t\t\t\t<div class=\"elementor-column elementor-col-100 elementor-top-column elementor-element elementor-element-16ccd49\" data-id=\"16ccd49\" data-element_type=\"column\">\n\t\t\t<div class=\"elementor-widget-wrap elementor-element-populated\">\n\t\t\t\t\t\t<div class=\"elementor-element elementor-element-1188f61 elementor-widget elementor-widget-spacer\" data-id=\"1188f61\" data-element_type=\"widget\" data-widget_type=\"spacer.default\">\n\t\t\t\t<div class=\"elementor-widget-container\">\n\t\t\t<style>\/*! elementor - v3.23.0 - 25-07-2024 *\/\n.elementor-column .elementor-spacer-inner{height:var(--spacer-size)}.e-con{--container-widget-width:100%}.e-con-inner>.elementor-widget-spacer,.e-con>.elementor-widget-spacer{width:var(--container-widget-width,var(--spacer-size));--align-self:var(--container-widget-align-self,initial);--flex-shrink:0}.e-con-inner>.elementor-widget-spacer>.elementor-widget-container,.e-con>.elementor-widget-spacer>.elementor-widget-container{height:100%;width:100%}.e-con-inner>.elementor-widget-spacer>.elementor-widget-container>.elementor-spacer,.e-con>.elementor-widget-spacer>.elementor-widget-container>.elementor-spacer{height:100%}.e-con-inner>.elementor-widget-spacer>.elementor-widget-container>.elementor-spacer>.elementor-spacer-inner,.e-con>.elementor-widget-spacer>.elementor-widget-container>.elementor-spacer>.elementor-spacer-inner{height:var(--container-widget-height,var(--spacer-size))}.e-con-inner>.elementor-widget-spacer.elementor-widget-empty,.e-con>.elementor-widget-spacer.elementor-widget-empty{position:relative;min-height:22px;min-width:22px}.e-con-inner>.elementor-widget-spacer.elementor-widget-empty .elementor-widget-empty-icon,.e-con>.elementor-widget-spacer.elementor-widget-empty .elementor-widget-empty-icon{position:absolute;top:0;bottom:0;left:0;right:0;margin:auto;padding:0;width:22px;height:22px}<\/style>\t\t<div class=\"elementor-spacer\">\n\t\t\t<div class=\"elementor-spacer-inner\"><\/div>\n\t\t<\/div>\n\t\t\t\t<\/div>\n\t\t\t\t<\/div>\n\t\t\t\t\t<\/div>\n\t\t<\/div>\n\t\t\t\t\t<\/div>\n\t\t<\/section>\n\t\t\t\t<section class=\"elementor-section elementor-top-section elementor-element elementor-element-09b232d elementor-section-boxed elementor-section-height-default elementor-section-height-default\" data-id=\"09b232d\" data-element_type=\"section\">\n\t\t\t\t\t\t<div class=\"elementor-container elementor-column-gap-default\">\n\t\t\t\t\t<div class=\"elementor-column elementor-col-100 elementor-top-column elementor-element elementor-element-31e785c\" data-id=\"31e785c\" data-element_type=\"column\">\n\t\t\t<div class=\"elementor-widget-wrap elementor-element-populated\">\n\t\t\t\t\t\t<div class=\"elementor-element elementor-element-4dd8c0d elementor-widget elementor-widget-heading\" data-id=\"4dd8c0d\" data-element_type=\"widget\" data-widget_type=\"heading.default\">\n\t\t\t\t<div class=\"elementor-widget-container\">\n\t\t\t<style>\/*! elementor - v3.23.0 - 25-07-2024 *\/\n.elementor-heading-title{padding:0;margin:0;line-height:1}.elementor-widget-heading .elementor-heading-title[class*=elementor-size-]>a{color:inherit;font-size:inherit;line-height:inherit}.elementor-widget-heading .elementor-heading-title.elementor-size-small{font-size:15px}.elementor-widget-heading .elementor-heading-title.elementor-size-medium{font-size:19px}.elementor-widget-heading .elementor-heading-title.elementor-size-large{font-size:29px}.elementor-widget-heading .elementor-heading-title.elementor-size-xl{font-size:39px}.elementor-widget-heading .elementor-heading-title.elementor-size-xxl{font-size:59px}<\/style><h2 class=\"elementor-heading-title elementor-size-default\">Amigos<\/h2>\t\t<\/div>\n\t\t\t\t<\/div>\n\t\t\t\t\t<\/div>\n\t\t<\/div>\n\t\t\t\t\t<\/div>\n\t\t<\/section>\n\t\t\t\t<section class=\"elementor-section elementor-top-section elementor-element elementor-element-c26aa64 elementor-section-boxed elementor-section-height-default elementor-section-height-default\" data-id=\"c26aa64\" data-element_type=\"section\">\n\t\t\t\t\t\t<div class=\"elementor-container elementor-column-gap-default\">\n\t\t\t\t\t<div class=\"elementor-column elementor-col-50 elementor-top-column elementor-element elementor-element-805fce0\" data-id=\"805fce0\" data-element_type=\"column\">\n\t\t\t<div class=\"elementor-widget-wrap elementor-element-populated\">\n\t\t\t\t\t\t<div class=\"elementor-element elementor-element-78d806b elementor-widget elementor-widget-text-editor\" data-id=\"78d806b\" data-element_type=\"widget\" data-widget_type=\"text-editor.default\">\n\t\t\t\t<div class=\"elementor-widget-container\">\n\t\t\t<style>\/*! elementor - v3.23.0 - 25-07-2024 *\/\n.elementor-widget-text-editor.elementor-drop-cap-view-stacked .elementor-drop-cap{background-color:#69727d;color:#fff}.elementor-widget-text-editor.elementor-drop-cap-view-framed .elementor-drop-cap{color:#69727d;border:3px solid;background-color:transparent}.elementor-widget-text-editor:not(.elementor-drop-cap-view-default) .elementor-drop-cap{margin-top:8px}.elementor-widget-text-editor:not(.elementor-drop-cap-view-default) .elementor-drop-cap-letter{width:1em;height:1em}.elementor-widget-text-editor .elementor-drop-cap{float:left;text-align:center;line-height:1;font-size:50px}.elementor-widget-text-editor .elementor-drop-cap-letter{display:inline-block}<\/style>\t\t\t\t<p>Hisz\u00fcnk abban, hogy a bar\u00e1ts\u00e1g ereje csod\u00e1kra <span id=\"OBJ_PREFIX_DWT1792_com_zimbra_date\" class=\"Object\" role=\"link\"><span id=\"OBJ_PREFIX_DWT1868_com_zimbra_date\" class=\"Object\" role=\"link\">k<\/span><\/span>\u00e9pes. Az Amigos a gyerekek\u00e9rt Alap\u00edtv\u00e1ny egyetemista \u00f6nk\u00e9ntesei, az Amig\u00f3<span id=\"OBJ_PREFIX_DWT1793_com_zimbra_date\" class=\"Object\" role=\"link\"><span id=\"OBJ_PREFIX_DWT1869_com_zimbra_date\" class=\"Object\" role=\"link\">k<\/span><\/span>,\u00a0bar\u00e1ts\u00e1ggal, j\u00e1t\u00e9kos nyelvtanul\u00e1ssal \u00e9s kreat\u00edv foglalkoz\u00e1ssal seg\u00edtik a beteg gyerekeket &#8211; valamint <span id=\"OBJ_PREFIX_DWT1794_com_zimbra_date\" class=\"Object\" role=\"link\"><span id=\"OBJ_PREFIX_DWT1870_com_zimbra_date\" class=\"Object\" role=\"link\">k<\/span><\/span>\u00f6zvetetten csal\u00e1djukat &#8211; a <span id=\"OBJ_PREFIX_DWT1795_com_zimbra_date\" class=\"Object\" role=\"link\"><span id=\"OBJ_PREFIX_DWT1871_com_zimbra_date\" class=\"Object\" role=\"link\">k<\/span><\/span>\u00f3rh\u00e1zban t\u00f6lt\u00f6tt id\u0151 alatt.\u00a0A szervezet az elm\u00falt \u00e9vek sor\u00e1n egy 11 f\u0151s bar\u00e1ti t\u00e1rsas\u00e1gb\u00f3l egy orsz\u00e1gos, t\u00f6bb sz\u00e1z \u00f6nk\u00e9ntest sz\u00e1ml\u00e1l\u00f3 <span id=\"OBJ_PREFIX_DWT1796_com_zimbra_date\" class=\"Object\" role=\"link\"><span id=\"OBJ_PREFIX_DWT1872_com_zimbra_date\" class=\"Object\" role=\"link\">k<\/span><\/span>\u00f6z\u00f6ss\u00e9gg\u00e9 n\u0151tte ki mag\u00e1t, azonban a f\u0151bb \u00e9rt\u00e9kek a kezdetek \u00f3ta ugyanazok: a megb\u00edzhat\u00f3s\u00e1g, a <span id=\"OBJ_PREFIX_DWT1797_com_zimbra_date\" class=\"Object\" role=\"link\"><span id=\"OBJ_PREFIX_DWT1873_com_zimbra_date\" class=\"Object\" role=\"link\">k<\/span><\/span>\u00f6vetkezetess\u00e9g \u00e9s a csapatj\u00e1t\u00e9koss\u00e1g. A <span id=\"OBJ_PREFIX_DWT1798_com_zimbra_date\" class=\"Object\" role=\"link\"><span id=\"OBJ_PREFIX_DWT1874_com_zimbra_date\" class=\"Object\" role=\"link\">k<\/span><\/span>\u00f3rh\u00e1zi l\u00e9t egy gyerek sz\u00e1m\u00e1ra nagyon neh\u00e9z, kimarad az iskol\u00e1b\u00f3l, kiesik\u00a0bar\u00e1tai t\u00e1rsas\u00e1g\u00e1b\u00f3l\u00a0\u00e9s egy f\u00e9lelmetes helyzettel, betegs\u00e9ggel vagy m\u0171t\u00e9ttel kell szemben\u00e9znie. Az Amigo foglalkoz\u00e1sok c\u00e9lja, hogy a gyerekek visszaszerezz\u00e9<span id=\"OBJ_PREFIX_DWT1799_com_zimbra_date\" class=\"Object\" role=\"link\"><span id=\"OBJ_PREFIX_DWT1875_com_zimbra_date\" class=\"Object\" role=\"link\">k<\/span><\/span> <span id=\"OBJ_PREFIX_DWT1800_com_zimbra_date\" class=\"Object\" role=\"link\">h\u00e9<\/span>tk\u00f6znapjaik felett a kontrollt, kort\u00e1rsak <span id=\"OBJ_PREFIX_DWT1801_com_zimbra_date\" class=\"Object\" role=\"link\"><span id=\"OBJ_PREFIX_DWT1876_com_zimbra_date\" class=\"Object\" role=\"link\">k<\/span><\/span>\u00f6z\u00f6tt lehessenek, j\u00e1t\u00e9kkal vid\u00e1ms\u00e1got, nyelvtanul\u00e1ssal pedig pozit\u00edv meger\u0151s\u00edt\u00e9st \u00e9s motiv\u00e1ci\u00f3t nyerjenek.\u00a0<\/p><p>\u00a0<\/p><p>Nyitott poz\u00edci\u00f3nk pedig jelenleg nincsen, legk\u00f6zelebb \u0151sszel tartunk \u00f6nk\u00e9ntes felv\u00e9telit, amire viszont m\u00e1r most el\u0151 tudnak jelentkezni\u00a0az \u00e9rdekl\u0151d\u0151<span id=\"OBJ_PREFIX_DWT1802_com_zimbra_date\" class=\"Object\" role=\"link\"><span id=\"OBJ_PREFIX_DWT1877_com_zimbra_date\" class=\"Object\" role=\"link\">k<\/span><\/span> az\u00a0<span id=\"OBJ_PREFIX_DWT1803_com_zimbra_url\" class=\"Object\" role=\"link\"><span id=\"OBJ_PREFIX_DWT1878_com_zimbra_url\" class=\"Object\" role=\"link\"><a href=\"http:\/\/amigos.hu\/felveteli\" target=\"_blank\" rel=\"nofollow noopener noreferrer nofollow noopener noreferrer\">amigos.hu\/felveteli<\/a><\/span><\/span>\u00a0oldalon.<\/p>\t\t\t\t\t\t<\/div>\n\t\t\t\t<\/div>\n\t\t\t\t\t<\/div>\n\t\t<\/div>\n\t\t\t\t<div class=\"elementor-column elementor-col-50 elementor-top-column elementor-element elementor-element-2213ec4\" data-id=\"2213ec4\" data-element_type=\"column\">\n\t\t\t<div class=\"elementor-widget-wrap elementor-element-populated\">\n\t\t\t\t\t\t<div class=\"elementor-element elementor-element-23b8b40 elementor-widget elementor-widget-image\" data-id=\"23b8b40\" data-element_type=\"widget\" data-widget_type=\"image.default\">\n\t\t\t\t<div class=\"elementor-widget-container\">\n\t\t\t<style>\/*! elementor - v3.23.0 - 25-07-2024 *\/\n.elementor-widget-image{text-align:center}.elementor-widget-image a{display:inline-block}.elementor-widget-image a img[src$=\".svg\"]{width:48px}.elementor-widget-image img{vertical-align:middle;display:inline-block}<\/style>\t\t\t\t\t\t\t\t\t\t<img fetchpriority=\"high\" decoding=\"async\" width=\"640\" height=\"640\" src=\"https:\/\/allasborze.ppke.hu\/wp-content\/uploads\/2026\/03\/Amigos-logo-zold-1.png\" class=\"attachment-large size-large wp-image-866\" alt=\"\" srcset=\"https:\/\/allasborze.ppke.hu\/wp-content\/uploads\/2026\/03\/Amigos-logo-zold-1.png 938w, https:\/\/allasborze.ppke.hu\/wp-content\/uploads\/2026\/03\/Amigos-logo-zold-1-300x300.png 300w, https:\/\/allasborze.ppke.hu\/wp-content\/uploads\/2026\/03\/Amigos-logo-zold-1-150x150.png 150w, https:\/\/allasborze.ppke.hu\/wp-content\/uploads\/2026\/03\/Amigos-logo-zold-1-768x768.png 768w\" sizes=\"(max-width: 640px) 100vw, 640px\" \/>\t\t\t\t\t\t\t\t\t\t\t\t\t<\/div>\n\t\t\t\t<\/div>\n\t\t\t\t\t<\/div>\n\t\t<\/div>\n\t\t\t\t\t<\/div>\n\t\t<\/section>\n\t\t\t\t<section class=\"elementor-section elementor-top-section elementor-element elementor-element-51cfa5d elementor-section-boxed elementor-section-height-default elementor-section-height-default\" data-id=\"51cfa5d\" data-element_type=\"section\">\n\t\t\t\t\t\t<div class=\"elementor-container elementor-column-gap-default\">\n\t\t\t\t\t<div class=\"elementor-column elementor-col-100 elementor-top-column elementor-element elementor-element-1d726a1\" data-id=\"1d726a1\" data-element_type=\"column\">\n\t\t\t<div class=\"elementor-widget-wrap elementor-element-populated\">\n\t\t\t\t\t\t<div class=\"elementor-element elementor-element-eb13db1 elementor-widget elementor-widget-video\" data-id=\"eb13db1\" data-element_type=\"widget\" data-settings=\"{&quot;youtube_url&quot;:&quot;https:\\\/\\\/www.youtube.com\\\/watch?v=nIPTtTSb5ho&quot;,&quot;video_type&quot;:&quot;youtube&quot;,&quot;controls&quot;:&quot;yes&quot;}\" data-widget_type=\"video.default\">\n\t\t\t\t<div class=\"elementor-widget-container\">\n\t\t\t<style>\/*! elementor - v3.23.0 - 25-07-2024 *\/\n.elementor-widget-video .elementor-widget-container{overflow:hidden;transform:translateZ(0)}.elementor-widget-video .elementor-wrapper{aspect-ratio:var(--video-aspect-ratio)}.elementor-widget-video .elementor-wrapper iframe,.elementor-widget-video .elementor-wrapper video{height:100%;width:100%;display:flex;border:none;background-color:#000}@supports not (aspect-ratio:1\/1){.elementor-widget-video .elementor-wrapper{position:relative;overflow:hidden;height:0;padding-bottom:calc(100% \/ var(--video-aspect-ratio))}.elementor-widget-video .elementor-wrapper iframe,.elementor-widget-video .elementor-wrapper video{position:absolute;top:0;right:0;bottom:0;left:0}}.elementor-widget-video .elementor-open-inline .elementor-custom-embed-image-overlay{position:absolute;top:0;right:0;bottom:0;left:0;background-size:cover;background-position:50%}.elementor-widget-video .elementor-custom-embed-image-overlay{cursor:pointer;text-align:center}.elementor-widget-video .elementor-custom-embed-image-overlay:hover .elementor-custom-embed-play i{opacity:1}.elementor-widget-video .elementor-custom-embed-image-overlay img{display:block;width:100%;aspect-ratio:var(--video-aspect-ratio);-o-object-fit:cover;object-fit:cover;-o-object-position:center center;object-position:center center}@supports not (aspect-ratio:1\/1){.elementor-widget-video .elementor-custom-embed-image-overlay{position:relative;overflow:hidden;height:0;padding-bottom:calc(100% \/ var(--video-aspect-ratio))}.elementor-widget-video .elementor-custom-embed-image-overlay img{position:absolute;top:0;right:0;bottom:0;left:0}}.elementor-widget-video .e-hosted-video .elementor-video{-o-object-fit:cover;object-fit:cover}.e-con-inner>.elementor-widget-video,.e-con>.elementor-widget-video{width:var(--container-widget-width);--flex-grow:var(--container-widget-flex-grow)}<\/style>\t\t<div class=\"elementor-wrapper elementor-open-inline\">\n\t\t\t<div class=\"elementor-video\"><\/div>\t\t<\/div>\n\t\t\t\t<\/div>\n\t\t\t\t<\/div>\n\t\t\t\t\t<\/div>\n\t\t<\/div>\n\t\t\t\t\t<\/div>\n\t\t<\/section>\n\t\t\t\t<\/div>\n\t\t","protected":false},"excerpt":{"rendered":"<p>Amigos Hisz\u00fcnk abban, hogy a bar\u00e1ts\u00e1g ereje csod\u00e1kra k\u00e9pes. Az Amigos a gyerekek\u00e9rt Alap\u00edtv\u00e1ny egyetemista \u00f6nk\u00e9ntesei, az Amig\u00f3k,\u00a0bar\u00e1ts\u00e1ggal, j\u00e1t\u00e9kos nyelvtanul\u00e1ssal \u00e9s kreat\u00edv foglalkoz\u00e1ssal seg\u00edtik a beteg gyerekeket &#8211; valamint k\u00f6zvetetten csal\u00e1djukat &#8211; a k\u00f3rh\u00e1zban t\u00f6lt\u00f6tt id\u0151 alatt.\u00a0A szervezet az elm\u00falt \u00e9vek sor\u00e1n egy 11 f\u0151s bar\u00e1ti t\u00e1rsas\u00e1gb\u00f3l egy orsz\u00e1gos, t\u00f6bb sz\u00e1z \u00f6nk\u00e9ntest sz\u00e1ml\u00e1l\u00f3 k\u00f6z\u00f6ss\u00e9gg\u00e9 n\u0151tte ki mag\u00e1t, azonban a f\u0151bb [&hellip;]<\/p>\n","protected":false},"author":2,"featured_media":0,"parent":211,"menu_order":0,"comment_status":"closed","ping_status":"closed","template":"elementor_header_footer","meta":{"footnotes":""},"class_list":["post-912","page","type-page","status-publish","hentry"],"_links":{"self":[{"href":"https:\/\/allasborze.ppke.hu\/index.php\/wp-json\/wp\/v2\/pages\/912","targetHints":{"allow":["GET"]}}],"collection":[{"href":"https:\/\/allasborze.ppke.hu\/index.php\/wp-json\/wp\/v2\/pages"}],"about":[{"href":"https:\/\/allasborze.ppke.hu\/index.php\/wp-json\/wp\/v2\/types\/page"}],"author":[{"embeddable":true,"href":"https:\/\/allasborze.ppke.hu\/index.php\/wp-json\/wp\/v2\/users\/2"}],"replies":[{"embeddable":true,"href":"https:\/\/allasborze.ppke.hu\/index.php\/wp-json\/wp\/v2\/comments?post=912"}],"version-history":[{"count":5,"href":"https:\/\/allasborze.ppke.hu\/index.php\/wp-json\/wp\/v2\/pages\/912\/revisions"}],"predecessor-version":[{"id":917,"href":"https:\/\/allasborze.ppke.hu\/index.php\/wp-json\/wp\/v2\/pages\/912\/revisions\/917"}],"up":[{"embeddable":true,"href":"https:\/\/allasborze.ppke.hu\/index.php\/wp-json\/wp\/v2\/pages\/211"}],"wp:attachment":[{"href":"https:\/\/allasborze.ppke.hu\/index.php\/wp-json\/wp\/v2\/media?parent=912"}],"curies":[{"name":"wp","href":"https:\/\/api.w.org\/{rel}","templated":true}]}}