{"id":896,"date":"2026-03-31T08:09:01","date_gmt":"2026-03-31T08:09:01","guid":{"rendered":"https:\/\/allasborze.ppke.hu\/?page_id=896"},"modified":"2026-04-17T08:36:16","modified_gmt":"2026-04-17T08:36:16","slug":"brfk","status":"publish","type":"page","link":"https:\/\/allasborze.ppke.hu\/index.php\/kiallitoink\/brfk\/","title":{"rendered":"BRFK"},"content":{"rendered":"\t\t<div data-elementor-type=\"wp-page\" data-elementor-id=\"896\" class=\"elementor elementor-896\">\n\t\t\t\t\t\t<section class=\"elementor-section elementor-top-section elementor-element elementor-element-d2bacbd elementor-section-boxed elementor-section-height-default elementor-section-height-default\" data-id=\"d2bacbd\" data-element_type=\"section\">\n\t\t\t\t\t\t<div class=\"elementor-container elementor-column-gap-default\">\n\t\t\t\t\t<div class=\"elementor-column elementor-col-100 elementor-top-column elementor-element elementor-element-239613e\" data-id=\"239613e\" data-element_type=\"column\">\n\t\t\t<div class=\"elementor-widget-wrap elementor-element-populated\">\n\t\t\t\t\t\t<div class=\"elementor-element elementor-element-da375dd elementor-widget elementor-widget-spacer\" data-id=\"da375dd\" data-element_type=\"widget\" data-widget_type=\"spacer.default\">\n\t\t\t\t<div class=\"elementor-widget-container\">\n\t\t\t<style>\/*! elementor - v3.23.0 - 25-07-2024 *\/\n.elementor-column .elementor-spacer-inner{height:var(--spacer-size)}.e-con{--container-widget-width:100%}.e-con-inner>.elementor-widget-spacer,.e-con>.elementor-widget-spacer{width:var(--container-widget-width,var(--spacer-size));--align-self:var(--container-widget-align-self,initial);--flex-shrink:0}.e-con-inner>.elementor-widget-spacer>.elementor-widget-container,.e-con>.elementor-widget-spacer>.elementor-widget-container{height:100%;width:100%}.e-con-inner>.elementor-widget-spacer>.elementor-widget-container>.elementor-spacer,.e-con>.elementor-widget-spacer>.elementor-widget-container>.elementor-spacer{height:100%}.e-con-inner>.elementor-widget-spacer>.elementor-widget-container>.elementor-spacer>.elementor-spacer-inner,.e-con>.elementor-widget-spacer>.elementor-widget-container>.elementor-spacer>.elementor-spacer-inner{height:var(--container-widget-height,var(--spacer-size))}.e-con-inner>.elementor-widget-spacer.elementor-widget-empty,.e-con>.elementor-widget-spacer.elementor-widget-empty{position:relative;min-height:22px;min-width:22px}.e-con-inner>.elementor-widget-spacer.elementor-widget-empty .elementor-widget-empty-icon,.e-con>.elementor-widget-spacer.elementor-widget-empty .elementor-widget-empty-icon{position:absolute;top:0;bottom:0;left:0;right:0;margin:auto;padding:0;width:22px;height:22px}<\/style>\t\t<div class=\"elementor-spacer\">\n\t\t\t<div class=\"elementor-spacer-inner\"><\/div>\n\t\t<\/div>\n\t\t\t\t<\/div>\n\t\t\t\t<\/div>\n\t\t\t\t<div class=\"elementor-element elementor-element-f955629 elementor-widget elementor-widget-heading\" data-id=\"f955629\" data-element_type=\"widget\" data-widget_type=\"heading.default\">\n\t\t\t\t<div class=\"elementor-widget-container\">\n\t\t\t<style>\/*! elementor - v3.23.0 - 25-07-2024 *\/\n.elementor-heading-title{padding:0;margin:0;line-height:1}.elementor-widget-heading .elementor-heading-title[class*=elementor-size-]>a{color:inherit;font-size:inherit;line-height:inherit}.elementor-widget-heading .elementor-heading-title.elementor-size-small{font-size:15px}.elementor-widget-heading .elementor-heading-title.elementor-size-medium{font-size:19px}.elementor-widget-heading .elementor-heading-title.elementor-size-large{font-size:29px}.elementor-widget-heading .elementor-heading-title.elementor-size-xl{font-size:39px}.elementor-widget-heading .elementor-heading-title.elementor-size-xxl{font-size:59px}<\/style><h2 class=\"elementor-heading-title elementor-size-default\">Budapesti Rend\u0151r-f\u0151kapit\u00e1nys\u00e1g<\/h2>\t\t<\/div>\n\t\t\t\t<\/div>\n\t\t\t\t\t<\/div>\n\t\t<\/div>\n\t\t\t\t\t<\/div>\n\t\t<\/section>\n\t\t\t\t<section class=\"elementor-section elementor-top-section elementor-element elementor-element-a7143c3 elementor-section-boxed elementor-section-height-default elementor-section-height-default\" data-id=\"a7143c3\" data-element_type=\"section\">\n\t\t\t\t\t\t<div class=\"elementor-container elementor-column-gap-default\">\n\t\t\t\t\t<div class=\"elementor-column elementor-col-50 elementor-top-column elementor-element elementor-element-b29a8f3\" data-id=\"b29a8f3\" data-element_type=\"column\">\n\t\t\t<div class=\"elementor-widget-wrap elementor-element-populated\">\n\t\t\t\t\t\t<div class=\"elementor-element elementor-element-211fe18 elementor-widget elementor-widget-text-editor\" data-id=\"211fe18\" data-element_type=\"widget\" data-widget_type=\"text-editor.default\">\n\t\t\t\t<div class=\"elementor-widget-container\">\n\t\t\t<style>\/*! elementor - v3.23.0 - 25-07-2024 *\/\n.elementor-widget-text-editor.elementor-drop-cap-view-stacked .elementor-drop-cap{background-color:#69727d;color:#fff}.elementor-widget-text-editor.elementor-drop-cap-view-framed .elementor-drop-cap{color:#69727d;border:3px solid;background-color:transparent}.elementor-widget-text-editor:not(.elementor-drop-cap-view-default) .elementor-drop-cap{margin-top:8px}.elementor-widget-text-editor:not(.elementor-drop-cap-view-default) .elementor-drop-cap-letter{width:1em;height:1em}.elementor-widget-text-editor .elementor-drop-cap{float:left;text-align:center;line-height:1;font-size:50px}.elementor-widget-text-editor .elementor-drop-cap-letter{display:inline-block}<\/style>\t\t\t\t<p>A rend\u0151rs\u00e9g \u00e1llami, fegyveres rendv\u00e9delmi szerv. Alapvet\u0151 feladata a b\u0171ncselekm\u00e9nyek megakad\u00e1lyoz\u00e1sa, felder\u00edt\u00e9se, a <span id=\"OBJ_PREFIX_DWT1393_com_zimbra_date\" class=\"Object\" role=\"link\"><span id=\"OBJ_PREFIX_DWT1444_com_zimbra_date\" class=\"Object\" role=\"link\">k<\/span><\/span>\u00f6zbiztons\u00e1g, a <span id=\"OBJ_PREFIX_DWT1394_com_zimbra_date\" class=\"Object\" role=\"link\"><span id=\"OBJ_PREFIX_DWT1445_com_zimbra_date\" class=\"Object\" role=\"link\">k<\/span><\/span>\u00f6zrend \u00e9s az \u00e1llamhat\u00e1r rendj\u00e9nek v\u00e9delme.<\/p>\t\t\t\t\t\t<\/div>\n\t\t\t\t<\/div>\n\t\t\t\t\t<\/div>\n\t\t<\/div>\n\t\t\t\t<div class=\"elementor-column elementor-col-50 elementor-top-column elementor-element elementor-element-0be3000\" data-id=\"0be3000\" data-element_type=\"column\">\n\t\t\t<div class=\"elementor-widget-wrap elementor-element-populated\">\n\t\t\t\t\t\t<div class=\"elementor-element elementor-element-46ad110 elementor-widget elementor-widget-image\" data-id=\"46ad110\" data-element_type=\"widget\" data-widget_type=\"image.default\">\n\t\t\t\t<div class=\"elementor-widget-container\">\n\t\t\t<style>\/*! elementor - v3.23.0 - 25-07-2024 *\/\n.elementor-widget-image{text-align:center}.elementor-widget-image a{display:inline-block}.elementor-widget-image a img[src$=\".svg\"]{width:48px}.elementor-widget-image img{vertical-align:middle;display:inline-block}<\/style>\t\t\t\t\t\t\t\t\t\t<img fetchpriority=\"high\" decoding=\"async\" width=\"640\" height=\"707\" src=\"https:\/\/allasborze.ppke.hu\/wp-content\/uploads\/2026\/03\/BRFK-sisak-002.jpg\" class=\"attachment-large size-large wp-image-889\" alt=\"\" srcset=\"https:\/\/allasborze.ppke.hu\/wp-content\/uploads\/2026\/03\/BRFK-sisak-002.jpg 695w, https:\/\/allasborze.ppke.hu\/wp-content\/uploads\/2026\/03\/BRFK-sisak-002-271x300.jpg 271w\" sizes=\"(max-width: 640px) 100vw, 640px\" \/>\t\t\t\t\t\t\t\t\t\t\t\t\t<\/div>\n\t\t\t\t<\/div>\n\t\t\t\t\t<\/div>\n\t\t<\/div>\n\t\t\t\t\t<\/div>\n\t\t<\/section>\n\t\t\t\t<section class=\"elementor-section elementor-top-section elementor-element elementor-element-4c6bf8d elementor-section-boxed elementor-section-height-default elementor-section-height-default\" data-id=\"4c6bf8d\" data-element_type=\"section\">\n\t\t\t\t\t\t<div class=\"elementor-container elementor-column-gap-default\">\n\t\t\t\t\t<div class=\"elementor-column elementor-col-100 elementor-top-column elementor-element elementor-element-d2e59fe\" data-id=\"d2e59fe\" data-element_type=\"column\">\n\t\t\t<div class=\"elementor-widget-wrap elementor-element-populated\">\n\t\t\t\t\t\t<div class=\"elementor-element elementor-element-4ce9828 elementor-widget elementor-widget-heading\" data-id=\"4ce9828\" data-element_type=\"widget\" data-widget_type=\"heading.default\">\n\t\t\t\t<div class=\"elementor-widget-container\">\n\t\t\t<h2 class=\"elementor-heading-title elementor-size-default\">Nyitott poz\u00edci\u00f3k:<\/h2>\t\t<\/div>\n\t\t\t\t<\/div>\n\t\t\t\t\t<\/div>\n\t\t<\/div>\n\t\t\t\t\t<\/div>\n\t\t<\/section>\n\t\t\t\t<section class=\"elementor-section elementor-top-section elementor-element elementor-element-96c1bc6 elementor-section-boxed elementor-section-height-default elementor-section-height-default\" data-id=\"96c1bc6\" data-element_type=\"section\">\n\t\t\t\t\t\t<div class=\"elementor-container elementor-column-gap-default\">\n\t\t\t\t\t<div class=\"elementor-column elementor-col-100 elementor-top-column elementor-element elementor-element-c9b3ff5\" data-id=\"c9b3ff5\" data-element_type=\"column\">\n\t\t\t<div class=\"elementor-widget-wrap elementor-element-populated\">\n\t\t\t\t\t\t<div class=\"elementor-element elementor-element-58453cc elementor-widget elementor-widget-text-editor\" data-id=\"58453cc\" data-element_type=\"widget\" data-widget_type=\"text-editor.default\">\n\t\t\t\t<div class=\"elementor-widget-container\">\n\t\t\t\t\t\t\t<p><strong>Az al\u00e1bbi bet\u00f6ltetlen poz\u00edci\u00f3kra keresnek munkat\u00e1rsat:<\/strong><\/p><ul><li>\u00fcgyint\u00e9z\u0151i alkalmazott (kiberb\u0171n\u00f6z\u00e9si);<\/li><li>\u00fcgyviteli seg\u00e9del\u0151ad\u00f3; f\u0151\u00fcgyint\u00e9z\u0151 (nemzetk\u00f6zi);<\/li><li>orvos (foglalkoz\u00e1seg\u00e9szs\u00e9g\u00fcgy);<\/li><li>\u00e1pol\u00f3;<\/li><li>eg\u00e9szs\u00e9g\u00fcgyi asszisztens;<\/li><li>v\u00edz- f\u0171t\u00e9sszerel\u0151;<\/li><li>villanyszerel\u0151;<\/li><li>szak\u00fcgyint\u00e9z\u0151 (jogi);<\/li><li>f\u0151\u00fcgyint\u00e9z\u0151 (munkav\u00e9delmi);<\/li><li>f\u0151\u00fcgyint\u00e9z\u0151 (nemzetk\u00f6zi);<\/li><li>\u00fcgykezel\u0151;<\/li><li>\u00fczemeltet\u00e9si el\u0151ad\u00f3 (IT) (BRFK B\u0171n\u00fcgyi Szervek Gazdas\u00e1gi B\u0171n\u00f6z\u00e9s Elleni F\u0151oszt\u00e1ly Kiberb\u0171n\u00f6z\u00e9s Elleni Oszt\u00e1ly);<\/li><li>\u00fczemeltet\u00e9si el\u0151ad\u00f3 (IT);<\/li><li>ruh\u00e1zati el\u0151ad\u00f3;<\/li><li>titk\u00e1rs\u00e1gi \u00fcgyint\u00e9z\u0151;<\/li><li>ruh\u00e1zati rakt\u00e1ros;<\/li><li>\u00fcgykezel\u0151;<\/li><li>\u00fczemeltet\u00e9si el\u0151ad\u00f3 (IT)<\/li><li>rendszergazda;<\/li><li>min\u0151s\u00edtett adatkezel\u0151;<\/li><li>\u00fcgykezel\u0151 (b\u0171njelkezel\u0151);<\/li><li>\u00fcgyviteli el\u0151ad\u00f3 (rend\u00e9szeti);<\/li><li>rend\u0151r (<span id=\"OBJ_PREFIX_DWT1271_com_zimbra_date\" class=\"Object\" role=\"link\"><span id=\"OBJ_PREFIX_DWT1322_com_zimbra_date\" class=\"Object\" role=\"link\">k<\/span><\/span>\u00f6zbiztons\u00e1gi rend\u0151rj\u00e1r\u0151r;<\/li><li>orvos (fogda);<\/li><li>f\u0151\u00fcgyint\u00e9z\u0151 (komplex nyomozati tev\u00e9kenys\u00e9get ell\u00e1t\u00f3);<\/li><li>fizikai alkalmazott (fegyveres biztons\u00e1gi \u0151r);<\/li><li>iskola\u0151r;<\/li><li>alapell\u00e1t\u00f3 pszichol\u00f3gus<\/li><\/ul><p><strong>Tov\u00e1bbi inform\u00e1ci\u00f3k <a href=\"https:\/\/karrier.police.hu\/allasajanlatok\" target=\"_blank\" rel=\"noopener\">ITT<\/a>.\u00a0<\/strong><\/p>\t\t\t\t\t\t<\/div>\n\t\t\t\t<\/div>\n\t\t\t\t\t<\/div>\n\t\t<\/div>\n\t\t\t\t\t<\/div>\n\t\t<\/section>\n\t\t\t\t<\/div>\n\t\t","protected":false},"excerpt":{"rendered":"<p>Budapesti Rend\u0151r-f\u0151kapit\u00e1nys\u00e1g A rend\u0151rs\u00e9g \u00e1llami, fegyveres rendv\u00e9delmi szerv. Alapvet\u0151 feladata a b\u0171ncselekm\u00e9nyek megakad\u00e1lyoz\u00e1sa, felder\u00edt\u00e9se, a k\u00f6zbiztons\u00e1g, a k\u00f6zrend \u00e9s az \u00e1llamhat\u00e1r rendj\u00e9nek v\u00e9delme. Nyitott poz\u00edci\u00f3k: Az al\u00e1bbi bet\u00f6ltetlen poz\u00edci\u00f3kra keresnek munkat\u00e1rsat: \u00fcgyint\u00e9z\u0151i alkalmazott (kiberb\u0171n\u00f6z\u00e9si); \u00fcgyviteli seg\u00e9del\u0151ad\u00f3; f\u0151\u00fcgyint\u00e9z\u0151 (nemzetk\u00f6zi); orvos (foglalkoz\u00e1seg\u00e9szs\u00e9g\u00fcgy); \u00e1pol\u00f3; eg\u00e9szs\u00e9g\u00fcgyi asszisztens; v\u00edz- f\u0171t\u00e9sszerel\u0151; villanyszerel\u0151; szak\u00fcgyint\u00e9z\u0151 (jogi); f\u0151\u00fcgyint\u00e9z\u0151 (munkav\u00e9delmi); f\u0151\u00fcgyint\u00e9z\u0151 (nemzetk\u00f6zi); \u00fcgykezel\u0151; \u00fczemeltet\u00e9si el\u0151ad\u00f3 (IT) (BRFK B\u0171n\u00fcgyi Szervek Gazdas\u00e1gi [&hellip;]<\/p>\n","protected":false},"author":2,"featured_media":0,"parent":211,"menu_order":0,"comment_status":"closed","ping_status":"closed","template":"elementor_header_footer","meta":{"footnotes":""},"class_list":["post-896","page","type-page","status-publish","hentry"],"_links":{"self":[{"href":"https:\/\/allasborze.ppke.hu\/index.php\/wp-json\/wp\/v2\/pages\/896","targetHints":{"allow":["GET"]}}],"collection":[{"href":"https:\/\/allasborze.ppke.hu\/index.php\/wp-json\/wp\/v2\/pages"}],"about":[{"href":"https:\/\/allasborze.ppke.hu\/index.php\/wp-json\/wp\/v2\/types\/page"}],"author":[{"embeddable":true,"href":"https:\/\/allasborze.ppke.hu\/index.php\/wp-json\/wp\/v2\/users\/2"}],"replies":[{"embeddable":true,"href":"https:\/\/allasborze.ppke.hu\/index.php\/wp-json\/wp\/v2\/comments?post=896"}],"version-history":[{"count":14,"href":"https:\/\/allasborze.ppke.hu\/index.php\/wp-json\/wp\/v2\/pages\/896\/revisions"}],"predecessor-version":[{"id":1368,"href":"https:\/\/allasborze.ppke.hu\/index.php\/wp-json\/wp\/v2\/pages\/896\/revisions\/1368"}],"up":[{"embeddable":true,"href":"https:\/\/allasborze.ppke.hu\/index.php\/wp-json\/wp\/v2\/pages\/211"}],"wp:attachment":[{"href":"https:\/\/allasborze.ppke.hu\/index.php\/wp-json\/wp\/v2\/media?parent=896"}],"curies":[{"name":"wp","href":"https:\/\/api.w.org\/{rel}","templated":true}]}}