{"id":1394,"date":"2026-04-20T07:42:11","date_gmt":"2026-04-20T07:42:11","guid":{"rendered":"https:\/\/allasborze.ppke.hu\/?page_id=1394"},"modified":"2026-04-20T11:08:56","modified_gmt":"2026-04-20T11:08:56","slug":"pazmany-btk-pszichologia","status":"publish","type":"page","link":"https:\/\/allasborze.ppke.hu\/index.php\/kiallitoink\/pazmany-btk-pszichologia\/","title":{"rendered":"P\u00e1zm\u00e1ny BTK &#8211; Pszichol\u00f3gia"},"content":{"rendered":"\t\t<div data-elementor-type=\"wp-page\" data-elementor-id=\"1394\" class=\"elementor elementor-1394\">\n\t\t\t\t\t\t<section class=\"elementor-section elementor-top-section elementor-element elementor-element-a129f77 elementor-section-boxed elementor-section-height-default elementor-section-height-default\" data-id=\"a129f77\" data-element_type=\"section\">\n\t\t\t\t\t\t<div class=\"elementor-container elementor-column-gap-default\">\n\t\t\t\t\t<div class=\"elementor-column elementor-col-100 elementor-top-column elementor-element elementor-element-1fcbeeb\" data-id=\"1fcbeeb\" data-element_type=\"column\">\n\t\t\t<div class=\"elementor-widget-wrap elementor-element-populated\">\n\t\t\t\t\t\t<div class=\"elementor-element elementor-element-b3bd572 elementor-widget elementor-widget-spacer\" data-id=\"b3bd572\" data-element_type=\"widget\" data-widget_type=\"spacer.default\">\n\t\t\t\t<div class=\"elementor-widget-container\">\n\t\t\t<style>\/*! elementor - v3.23.0 - 25-07-2024 *\/\n.elementor-column .elementor-spacer-inner{height:var(--spacer-size)}.e-con{--container-widget-width:100%}.e-con-inner>.elementor-widget-spacer,.e-con>.elementor-widget-spacer{width:var(--container-widget-width,var(--spacer-size));--align-self:var(--container-widget-align-self,initial);--flex-shrink:0}.e-con-inner>.elementor-widget-spacer>.elementor-widget-container,.e-con>.elementor-widget-spacer>.elementor-widget-container{height:100%;width:100%}.e-con-inner>.elementor-widget-spacer>.elementor-widget-container>.elementor-spacer,.e-con>.elementor-widget-spacer>.elementor-widget-container>.elementor-spacer{height:100%}.e-con-inner>.elementor-widget-spacer>.elementor-widget-container>.elementor-spacer>.elementor-spacer-inner,.e-con>.elementor-widget-spacer>.elementor-widget-container>.elementor-spacer>.elementor-spacer-inner{height:var(--container-widget-height,var(--spacer-size))}.e-con-inner>.elementor-widget-spacer.elementor-widget-empty,.e-con>.elementor-widget-spacer.elementor-widget-empty{position:relative;min-height:22px;min-width:22px}.e-con-inner>.elementor-widget-spacer.elementor-widget-empty .elementor-widget-empty-icon,.e-con>.elementor-widget-spacer.elementor-widget-empty .elementor-widget-empty-icon{position:absolute;top:0;bottom:0;left:0;right:0;margin:auto;padding:0;width:22px;height:22px}<\/style>\t\t<div class=\"elementor-spacer\">\n\t\t\t<div class=\"elementor-spacer-inner\"><\/div>\n\t\t<\/div>\n\t\t\t\t<\/div>\n\t\t\t\t<\/div>\n\t\t\t\t\t<\/div>\n\t\t<\/div>\n\t\t\t\t\t<\/div>\n\t\t<\/section>\n\t\t\t\t<section class=\"elementor-section elementor-top-section elementor-element elementor-element-d328a65 elementor-section-boxed elementor-section-height-default elementor-section-height-default\" data-id=\"d328a65\" data-element_type=\"section\">\n\t\t\t\t\t\t<div class=\"elementor-container elementor-column-gap-default\">\n\t\t\t\t\t<div class=\"elementor-column elementor-col-100 elementor-top-column elementor-element elementor-element-8a0b33e\" data-id=\"8a0b33e\" data-element_type=\"column\">\n\t\t\t<div class=\"elementor-widget-wrap elementor-element-populated\">\n\t\t\t\t\t\t<div class=\"elementor-element elementor-element-c075e39 elementor-widget elementor-widget-heading\" data-id=\"c075e39\" data-element_type=\"widget\" data-widget_type=\"heading.default\">\n\t\t\t\t<div class=\"elementor-widget-container\">\n\t\t\t<style>\/*! elementor - v3.23.0 - 25-07-2024 *\/\n.elementor-heading-title{padding:0;margin:0;line-height:1}.elementor-widget-heading .elementor-heading-title[class*=elementor-size-]>a{color:inherit;font-size:inherit;line-height:inherit}.elementor-widget-heading .elementor-heading-title.elementor-size-small{font-size:15px}.elementor-widget-heading .elementor-heading-title.elementor-size-medium{font-size:19px}.elementor-widget-heading .elementor-heading-title.elementor-size-large{font-size:29px}.elementor-widget-heading .elementor-heading-title.elementor-size-xl{font-size:39px}.elementor-widget-heading .elementor-heading-title.elementor-size-xxl{font-size:59px}<\/style><h2 class=\"elementor-heading-title elementor-size-default\">P\u00e1zm\u00e1ny BTK Pszichol\u00f3giai T\u00e1mogat\u00e1s<\/h2>\t\t<\/div>\n\t\t\t\t<\/div>\n\t\t\t\t\t<\/div>\n\t\t<\/div>\n\t\t\t\t\t<\/div>\n\t\t<\/section>\n\t\t\t\t<section class=\"elementor-section elementor-top-section elementor-element elementor-element-3989dd3 elementor-section-boxed elementor-section-height-default elementor-section-height-default\" data-id=\"3989dd3\" data-element_type=\"section\">\n\t\t\t\t\t\t<div class=\"elementor-container elementor-column-gap-default\">\n\t\t\t\t\t<div class=\"elementor-column elementor-col-50 elementor-top-column elementor-element elementor-element-a2b3325\" data-id=\"a2b3325\" data-element_type=\"column\">\n\t\t\t<div class=\"elementor-widget-wrap elementor-element-populated\">\n\t\t\t\t\t\t<div class=\"elementor-element elementor-element-e4dc54e elementor-widget__width-initial elementor-widget elementor-widget-text-editor\" data-id=\"e4dc54e\" data-element_type=\"widget\" data-widget_type=\"text-editor.default\">\n\t\t\t\t<div class=\"elementor-widget-container\">\n\t\t\t<style>\/*! elementor - v3.23.0 - 25-07-2024 *\/\n.elementor-widget-text-editor.elementor-drop-cap-view-stacked .elementor-drop-cap{background-color:#69727d;color:#fff}.elementor-widget-text-editor.elementor-drop-cap-view-framed .elementor-drop-cap{color:#69727d;border:3px solid;background-color:transparent}.elementor-widget-text-editor:not(.elementor-drop-cap-view-default) .elementor-drop-cap{margin-top:8px}.elementor-widget-text-editor:not(.elementor-drop-cap-view-default) .elementor-drop-cap-letter{width:1em;height:1em}.elementor-widget-text-editor .elementor-drop-cap{float:left;text-align:center;line-height:1;font-size:50px}.elementor-widget-text-editor .elementor-drop-cap-letter{display:inline-block}<\/style>\t\t\t\t<div>A P\u00e1zm\u00e1ny BTK Pszichol\u00f3giai T\u00e1mogat\u00e1s a kar Hallgat\u00f3i Szolg\u00e1ltat\u00f3\u00a0<span id=\"OBJ_PREFIX_DWT253_com_zimbra_date\" class=\"Object\" role=\"link\"><span id=\"OBJ_PREFIX_DWT271_com_zimbra_date\" class=\"Object\" role=\"link\">K<\/span><\/span>\u00f6zpontj\u00e1nak\u00a0<span id=\"OBJ_PREFIX_DWT254_com_zimbra_date\" class=\"Object\" role=\"link\"><span id=\"OBJ_PREFIX_DWT272_com_zimbra_date\" class=\"Object\" role=\"link\">k<\/span><\/span>\u00e9pezi r\u00e9sz\u00e9t. A csapatot jelenleg egy okleveles pszichol\u00f3gus, valamint pszichol\u00f3gia mesterszakos kort\u00e1rs seg\u00edt\u0151<span id=\"OBJ_PREFIX_DWT255_com_zimbra_date\" class=\"Object\" role=\"link\"><span id=\"OBJ_PREFIX_DWT273_com_zimbra_date\" class=\"Object\" role=\"link\">k<\/span><\/span>\u00a0alkotj\u00e1<span id=\"OBJ_PREFIX_DWT256_com_zimbra_date\" class=\"Object\" role=\"link\"><span id=\"OBJ_PREFIX_DWT274_com_zimbra_date\" class=\"Object\" role=\"link\">k<\/span><\/span>.<\/div><div>Elk\u00f6telezetten dolgozunk azon, hogy seg\u00edt\u0151 kezet ny\u00fajtsunk mindenkinek, aki egyed\u00fcl \u00e9rzi mag\u00e1t az egyetem \u00fatveszt\u0151iben, vagy t\u00e1mogat\u00e1sra van sz\u00fcks\u00e9ge \u00e9lete egy adott ter\u00fclet\u00e9n.<\/div><div>A szem\u00e9lyk\u00f6zpont\u00fa hozz\u00e1\u00e1ll\u00e1sunk ment\u00e9n arra t\u00f6reksz\u00fcnk, hogy \u00e9rt\u0151 figyelemmel,<\/div><div>emp\u00e1ti\u00e1val \u00e9s felt\u00e9tel n\u00e9lk\u00fcli elfogad\u00e1ssal, hitelesen reflekt\u00e1ljunk a hozz\u00e1nk fordul\u00f3<\/div><div>szem\u00e9ly \u00e9letvezet\u00e9si neh\u00e9zs\u00e9geire, hasznos\u00a0<span id=\"OBJ_PREFIX_DWT257_com_zimbra_date\" class=\"Object\" role=\"link\"><span id=\"OBJ_PREFIX_DWT275_com_zimbra_date\" class=\"Object\" role=\"link\">k<\/span><\/span>\u00e9rd\u00e9sfelvet\u00e9sekkel, megl\u00e1t\u00e1sokkal t\u00e1mogatva az eligazod\u00e1st.<\/div><div>A t\u00e9r\u00edt\u00e9smentes szolg\u00e1ltat\u00e1sokat \u2013 hallgat\u00f3i tan\u00e1csad\u00e1st \u00e9s kort\u00e1rs seg\u00edt\u0151 besz\u00e9lget\u00e9st \u2013 a P\u00e1zm\u00e1ny BTK jogviszonnyal rendelkez\u0151 hallgat\u00f3i vehetik ig\u00e9nybe.<\/div><div>\u00a0<\/div><div><strong>El\u00e9rhet\u0151s\u00e9g:\u00a0<\/strong><\/div><div><div>Web:\u00a0<span id=\"OBJ_PREFIX_DWT1460_com_zimbra_url\" class=\"Object\" role=\"link\"><span id=\"OBJ_PREFIX_DWT1476_com_zimbra_url\" class=\"Object\" role=\"link\"><a href=\"https:\/\/btk.ppke.hu\/pszichologiai-tamogatas\" target=\"_blank\" rel=\"nofollow noopener noreferrer\">https:\/\/btk.ppke.hu\/pszichologiai-tamogatas<\/a><\/span><\/span><\/div><div>E-mail:\u00a0<span id=\"OBJ_PREFIX_DWT1461_ZmEmailObjectHandler\" class=\"Object\" role=\"link\"><span id=\"OBJ_PREFIX_DWT1477_ZmEmailObjectHandler\" class=\"Object\" role=\"link\"><a href=\"mailto:pszichologiai.tamogatas@btk.ppke.hu\" target=\"_blank\" rel=\"nofollow noopener noreferrer\">pszichologiai.tamogatas@btk.ppke.hu<\/a><\/span><\/span><\/div><div>Facebook:\u00a0<span id=\"OBJ_PREFIX_DWT1462_com_zimbra_url\" class=\"Object\" role=\"link\"><span id=\"OBJ_PREFIX_DWT1478_com_zimbra_url\" class=\"Object\" role=\"link\"><a href=\"https:\/\/www.facebook.com\/pazmanylelkitamasz\" target=\"_blank\" rel=\"nofollow noopener noreferrer\">https:\/\/www.facebook.com\/pazmanylelkitamasz<\/a><\/span><\/span><\/div><div>Instagram:\u00a0<span id=\"OBJ_PREFIX_DWT1463_com_zimbra_url\" class=\"Object\" role=\"link\"><span id=\"OBJ_PREFIX_DWT1479_com_zimbra_url\" class=\"Object\" role=\"link\"><a href=\"https:\/\/www.instagram.com\/pazmanylelkitamasz\/\" target=\"_blank\" rel=\"nofollow noopener noreferrer\">https:\/\/www.instagram.com\/pazmanylelkitamasz\/<\/a><\/span><\/span><\/div><\/div>\t\t\t\t\t\t<\/div>\n\t\t\t\t<\/div>\n\t\t\t\t\t<\/div>\n\t\t<\/div>\n\t\t\t\t<div class=\"elementor-column elementor-col-50 elementor-top-column elementor-element elementor-element-abf3ceb\" data-id=\"abf3ceb\" data-element_type=\"column\">\n\t\t\t<div class=\"elementor-widget-wrap elementor-element-populated\">\n\t\t\t\t\t\t<div class=\"elementor-element elementor-element-af31e79 elementor-widget elementor-widget-spacer\" data-id=\"af31e79\" data-element_type=\"widget\" data-widget_type=\"spacer.default\">\n\t\t\t\t<div class=\"elementor-widget-container\">\n\t\t\t\t\t<div class=\"elementor-spacer\">\n\t\t\t<div class=\"elementor-spacer-inner\"><\/div>\n\t\t<\/div>\n\t\t\t\t<\/div>\n\t\t\t\t<\/div>\n\t\t\t\t<div class=\"elementor-element elementor-element-15988f9 elementor-widget elementor-widget-image\" data-id=\"15988f9\" data-element_type=\"widget\" data-widget_type=\"image.default\">\n\t\t\t\t<div class=\"elementor-widget-container\">\n\t\t\t<style>\/*! elementor - v3.23.0 - 25-07-2024 *\/\n.elementor-widget-image{text-align:center}.elementor-widget-image a{display:inline-block}.elementor-widget-image a img[src$=\".svg\"]{width:48px}.elementor-widget-image img{vertical-align:middle;display:inline-block}<\/style>\t\t\t\t\t\t\t\t\t\t<img fetchpriority=\"high\" decoding=\"async\" width=\"640\" height=\"240\" src=\"https:\/\/allasborze.ppke.hu\/wp-content\/uploads\/2026\/04\/p-btk-pt-logo-kek-vertikalis-1024x384.png\" class=\"attachment-large size-large wp-image-1376\" alt=\"\" srcset=\"https:\/\/allasborze.ppke.hu\/wp-content\/uploads\/2026\/04\/p-btk-pt-logo-kek-vertikalis-1024x384.png 1024w, https:\/\/allasborze.ppke.hu\/wp-content\/uploads\/2026\/04\/p-btk-pt-logo-kek-vertikalis-300x113.png 300w, https:\/\/allasborze.ppke.hu\/wp-content\/uploads\/2026\/04\/p-btk-pt-logo-kek-vertikalis-768x288.png 768w, https:\/\/allasborze.ppke.hu\/wp-content\/uploads\/2026\/04\/p-btk-pt-logo-kek-vertikalis-1536x576.png 1536w, https:\/\/allasborze.ppke.hu\/wp-content\/uploads\/2026\/04\/p-btk-pt-logo-kek-vertikalis-2048x768.png 2048w\" sizes=\"(max-width: 640px) 100vw, 640px\" \/>\t\t\t\t\t\t\t\t\t\t\t\t\t<\/div>\n\t\t\t\t<\/div>\n\t\t\t\t\t<\/div>\n\t\t<\/div>\n\t\t\t\t\t<\/div>\n\t\t<\/section>\n\t\t\t\t<\/div>\n\t\t","protected":false},"excerpt":{"rendered":"<p>P\u00e1zm\u00e1ny BTK Pszichol\u00f3giai T\u00e1mogat\u00e1s A P\u00e1zm\u00e1ny BTK Pszichol\u00f3giai T\u00e1mogat\u00e1s a kar Hallgat\u00f3i Szolg\u00e1ltat\u00f3\u00a0K\u00f6zpontj\u00e1nak\u00a0k\u00e9pezi r\u00e9sz\u00e9t. A csapatot jelenleg egy okleveles pszichol\u00f3gus, valamint pszichol\u00f3gia mesterszakos kort\u00e1rs seg\u00edt\u0151k\u00a0alkotj\u00e1k.Elk\u00f6telezetten dolgozunk azon, hogy seg\u00edt\u0151 kezet ny\u00fajtsunk mindenkinek, aki egyed\u00fcl \u00e9rzi mag\u00e1t az egyetem \u00fatveszt\u0151iben, vagy t\u00e1mogat\u00e1sra van sz\u00fcks\u00e9ge \u00e9lete egy adott ter\u00fclet\u00e9n.A szem\u00e9lyk\u00f6zpont\u00fa hozz\u00e1\u00e1ll\u00e1sunk ment\u00e9n arra t\u00f6reksz\u00fcnk, hogy \u00e9rt\u0151 figyelemmel,emp\u00e1ti\u00e1val \u00e9s felt\u00e9tel n\u00e9lk\u00fcli elfogad\u00e1ssal, hitelesen [&hellip;]<\/p>\n","protected":false},"author":2,"featured_media":0,"parent":211,"menu_order":0,"comment_status":"closed","ping_status":"closed","template":"elementor_header_footer","meta":{"footnotes":""},"class_list":["post-1394","page","type-page","status-publish","hentry"],"_links":{"self":[{"href":"https:\/\/allasborze.ppke.hu\/index.php\/wp-json\/wp\/v2\/pages\/1394","targetHints":{"allow":["GET"]}}],"collection":[{"href":"https:\/\/allasborze.ppke.hu\/index.php\/wp-json\/wp\/v2\/pages"}],"about":[{"href":"https:\/\/allasborze.ppke.hu\/index.php\/wp-json\/wp\/v2\/types\/page"}],"author":[{"embeddable":true,"href":"https:\/\/allasborze.ppke.hu\/index.php\/wp-json\/wp\/v2\/users\/2"}],"replies":[{"embeddable":true,"href":"https:\/\/allasborze.ppke.hu\/index.php\/wp-json\/wp\/v2\/comments?post=1394"}],"version-history":[{"count":8,"href":"https:\/\/allasborze.ppke.hu\/index.php\/wp-json\/wp\/v2\/pages\/1394\/revisions"}],"predecessor-version":[{"id":1412,"href":"https:\/\/allasborze.ppke.hu\/index.php\/wp-json\/wp\/v2\/pages\/1394\/revisions\/1412"}],"up":[{"embeddable":true,"href":"https:\/\/allasborze.ppke.hu\/index.php\/wp-json\/wp\/v2\/pages\/211"}],"wp:attachment":[{"href":"https:\/\/allasborze.ppke.hu\/index.php\/wp-json\/wp\/v2\/media?parent=1394"}],"curies":[{"name":"wp","href":"https:\/\/api.w.org\/{rel}","templated":true}]}}