{"id":1275,"date":"2026-04-14T09:13:41","date_gmt":"2026-04-14T09:13:41","guid":{"rendered":"https:\/\/allasborze.ppke.hu\/?page_id=1275"},"modified":"2026-04-15T07:47:03","modified_gmt":"2026-04-15T07:47:03","slug":"nmhh","status":"publish","type":"page","link":"https:\/\/allasborze.ppke.hu\/index.php\/kiallitoink\/nmhh\/","title":{"rendered":"NMHH"},"content":{"rendered":"\t\t<div data-elementor-type=\"wp-page\" data-elementor-id=\"1275\" class=\"elementor elementor-1275\">\n\t\t\t\t\t\t<section class=\"elementor-section elementor-top-section elementor-element elementor-element-b20a4b1 elementor-section-boxed elementor-section-height-default elementor-section-height-default\" data-id=\"b20a4b1\" data-element_type=\"section\">\n\t\t\t\t\t\t<div class=\"elementor-container elementor-column-gap-default\">\n\t\t\t\t\t<div class=\"elementor-column elementor-col-100 elementor-top-column elementor-element elementor-element-d6abe46\" data-id=\"d6abe46\" data-element_type=\"column\">\n\t\t\t<div class=\"elementor-widget-wrap elementor-element-populated\">\n\t\t\t\t\t\t<div class=\"elementor-element elementor-element-39226da elementor-widget elementor-widget-spacer\" data-id=\"39226da\" data-element_type=\"widget\" data-widget_type=\"spacer.default\">\n\t\t\t\t<div class=\"elementor-widget-container\">\n\t\t\t<style>\/*! elementor - v3.23.0 - 25-07-2024 *\/\n.elementor-column .elementor-spacer-inner{height:var(--spacer-size)}.e-con{--container-widget-width:100%}.e-con-inner>.elementor-widget-spacer,.e-con>.elementor-widget-spacer{width:var(--container-widget-width,var(--spacer-size));--align-self:var(--container-widget-align-self,initial);--flex-shrink:0}.e-con-inner>.elementor-widget-spacer>.elementor-widget-container,.e-con>.elementor-widget-spacer>.elementor-widget-container{height:100%;width:100%}.e-con-inner>.elementor-widget-spacer>.elementor-widget-container>.elementor-spacer,.e-con>.elementor-widget-spacer>.elementor-widget-container>.elementor-spacer{height:100%}.e-con-inner>.elementor-widget-spacer>.elementor-widget-container>.elementor-spacer>.elementor-spacer-inner,.e-con>.elementor-widget-spacer>.elementor-widget-container>.elementor-spacer>.elementor-spacer-inner{height:var(--container-widget-height,var(--spacer-size))}.e-con-inner>.elementor-widget-spacer.elementor-widget-empty,.e-con>.elementor-widget-spacer.elementor-widget-empty{position:relative;min-height:22px;min-width:22px}.e-con-inner>.elementor-widget-spacer.elementor-widget-empty .elementor-widget-empty-icon,.e-con>.elementor-widget-spacer.elementor-widget-empty .elementor-widget-empty-icon{position:absolute;top:0;bottom:0;left:0;right:0;margin:auto;padding:0;width:22px;height:22px}<\/style>\t\t<div class=\"elementor-spacer\">\n\t\t\t<div class=\"elementor-spacer-inner\"><\/div>\n\t\t<\/div>\n\t\t\t\t<\/div>\n\t\t\t\t<\/div>\n\t\t\t\t\t<\/div>\n\t\t<\/div>\n\t\t\t\t\t<\/div>\n\t\t<\/section>\n\t\t\t\t<section class=\"elementor-section elementor-top-section elementor-element elementor-element-745a270 elementor-section-boxed elementor-section-height-default elementor-section-height-default\" data-id=\"745a270\" data-element_type=\"section\">\n\t\t\t\t\t\t<div class=\"elementor-container elementor-column-gap-default\">\n\t\t\t\t\t<div class=\"elementor-column elementor-col-100 elementor-top-column elementor-element elementor-element-791ef7b\" data-id=\"791ef7b\" data-element_type=\"column\">\n\t\t\t<div class=\"elementor-widget-wrap elementor-element-populated\">\n\t\t\t\t\t\t<div class=\"elementor-element elementor-element-38af732 elementor-widget elementor-widget-heading\" data-id=\"38af732\" data-element_type=\"widget\" data-widget_type=\"heading.default\">\n\t\t\t\t<div class=\"elementor-widget-container\">\n\t\t\t<style>\/*! elementor - v3.23.0 - 25-07-2024 *\/\n.elementor-heading-title{padding:0;margin:0;line-height:1}.elementor-widget-heading .elementor-heading-title[class*=elementor-size-]>a{color:inherit;font-size:inherit;line-height:inherit}.elementor-widget-heading .elementor-heading-title.elementor-size-small{font-size:15px}.elementor-widget-heading .elementor-heading-title.elementor-size-medium{font-size:19px}.elementor-widget-heading .elementor-heading-title.elementor-size-large{font-size:29px}.elementor-widget-heading .elementor-heading-title.elementor-size-xl{font-size:39px}.elementor-widget-heading .elementor-heading-title.elementor-size-xxl{font-size:59px}<\/style><h2 class=\"elementor-heading-title elementor-size-default\">Nemzeti M\u00e9dia- \u00e9s H\u00edrk\u00f6zl\u00e9si Hat\u00f3s\u00e1g<\/h2>\t\t<\/div>\n\t\t\t\t<\/div>\n\t\t\t\t\t<\/div>\n\t\t<\/div>\n\t\t\t\t\t<\/div>\n\t\t<\/section>\n\t\t\t\t<section class=\"elementor-section elementor-top-section elementor-element elementor-element-2926b67 elementor-section-boxed elementor-section-height-default elementor-section-height-default\" data-id=\"2926b67\" data-element_type=\"section\">\n\t\t\t\t\t\t<div class=\"elementor-container elementor-column-gap-default\">\n\t\t\t\t\t<div class=\"elementor-column elementor-col-50 elementor-top-column elementor-element elementor-element-157cb65\" data-id=\"157cb65\" data-element_type=\"column\">\n\t\t\t<div class=\"elementor-widget-wrap elementor-element-populated\">\n\t\t\t\t\t\t<div class=\"elementor-element elementor-element-af3d86d elementor-widget elementor-widget-text-editor\" data-id=\"af3d86d\" data-element_type=\"widget\" data-widget_type=\"text-editor.default\">\n\t\t\t\t<div class=\"elementor-widget-container\">\n\t\t\t<style>\/*! elementor - v3.23.0 - 25-07-2024 *\/\n.elementor-widget-text-editor.elementor-drop-cap-view-stacked .elementor-drop-cap{background-color:#69727d;color:#fff}.elementor-widget-text-editor.elementor-drop-cap-view-framed .elementor-drop-cap{color:#69727d;border:3px solid;background-color:transparent}.elementor-widget-text-editor:not(.elementor-drop-cap-view-default) .elementor-drop-cap{margin-top:8px}.elementor-widget-text-editor:not(.elementor-drop-cap-view-default) .elementor-drop-cap-letter{width:1em;height:1em}.elementor-widget-text-editor .elementor-drop-cap{float:left;text-align:center;line-height:1;font-size:50px}.elementor-widget-text-editor .elementor-drop-cap-letter{display:inline-block}<\/style>\t\t\t\t<p>A Nemzeti M\u00e9dia- \u00e9s H\u00edrk\u00f6zl\u00e9si Hat\u00f3s\u00e1g a magyarorsz\u00e1gi m\u00e9dia- \u00e9s h\u00edrk\u00f6zl\u00e9si piacok szab\u00e1lyoz\u00f3 hat\u00f3s\u00e1ga. Szab\u00e1lyozzuk \u00e9s fel\u00fcgyelj\u00fck a h\u00edrk\u00f6zl\u00e9si piacok m\u0171k\u00f6d\u00e9s\u00e9t, seg\u00edtj\u00fck a hat\u00e9kony verseny kialakul\u00e1s\u00e1t, koordin\u00e1ljuk a polg\u00e1ri \u00e9s nem polg\u00e1ri c\u00e9l\u00fa frekvenciagazd\u00e1lkod\u00e1st, valamint ell\u00e1tjuk az ezzel kapcsolatos technol\u00f3giai \u00e9s m\u0171szaki feladatokat. Ehhez keress\u00fck a magasan k\u00e9pzett, szakmailag felk\u00e9sz\u00fclt, elk\u00f6telezett \u00e9s motiv\u00e1lt munkat\u00e1rsainkat.<\/p>\t\t\t\t\t\t<\/div>\n\t\t\t\t<\/div>\n\t\t\t\t\t<\/div>\n\t\t<\/div>\n\t\t\t\t<div class=\"elementor-column elementor-col-50 elementor-top-column elementor-element elementor-element-d4092d3\" data-id=\"d4092d3\" data-element_type=\"column\">\n\t\t\t<div class=\"elementor-widget-wrap elementor-element-populated\">\n\t\t\t\t\t\t<div class=\"elementor-element elementor-element-876d651 elementor-widget elementor-widget-image\" data-id=\"876d651\" data-element_type=\"widget\" data-widget_type=\"image.default\">\n\t\t\t\t<div class=\"elementor-widget-container\">\n\t\t\t<style>\/*! elementor - v3.23.0 - 25-07-2024 *\/\n.elementor-widget-image{text-align:center}.elementor-widget-image a{display:inline-block}.elementor-widget-image a img[src$=\".svg\"]{width:48px}.elementor-widget-image img{vertical-align:middle;display:inline-block}<\/style>\t\t\t\t\t\t\t\t\t\t<img fetchpriority=\"high\" decoding=\"async\" width=\"640\" height=\"296\" src=\"https:\/\/allasborze.ppke.hu\/wp-content\/uploads\/2026\/04\/NMHH_logo_HU_alap_RGB-1024x473.jpg\" class=\"attachment-large size-large wp-image-1277\" alt=\"\" srcset=\"https:\/\/allasborze.ppke.hu\/wp-content\/uploads\/2026\/04\/NMHH_logo_HU_alap_RGB-1024x473.jpg 1024w, https:\/\/allasborze.ppke.hu\/wp-content\/uploads\/2026\/04\/NMHH_logo_HU_alap_RGB-300x139.jpg 300w, https:\/\/allasborze.ppke.hu\/wp-content\/uploads\/2026\/04\/NMHH_logo_HU_alap_RGB-768x355.jpg 768w, https:\/\/allasborze.ppke.hu\/wp-content\/uploads\/2026\/04\/NMHH_logo_HU_alap_RGB-1536x710.jpg 1536w, https:\/\/allasborze.ppke.hu\/wp-content\/uploads\/2026\/04\/NMHH_logo_HU_alap_RGB-2048x947.jpg 2048w\" sizes=\"(max-width: 640px) 100vw, 640px\" \/>\t\t\t\t\t\t\t\t\t\t\t\t\t<\/div>\n\t\t\t\t<\/div>\n\t\t\t\t\t<\/div>\n\t\t<\/div>\n\t\t\t\t\t<\/div>\n\t\t<\/section>\n\t\t\t\t<section class=\"elementor-section elementor-top-section elementor-element elementor-element-f92e4ae elementor-section-boxed elementor-section-height-default elementor-section-height-default\" data-id=\"f92e4ae\" data-element_type=\"section\">\n\t\t\t\t\t\t<div class=\"elementor-container elementor-column-gap-default\">\n\t\t\t\t\t<div class=\"elementor-column elementor-col-100 elementor-top-column elementor-element elementor-element-4e2abf4\" data-id=\"4e2abf4\" data-element_type=\"column\">\n\t\t\t<div class=\"elementor-widget-wrap elementor-element-populated\">\n\t\t\t\t\t\t<div class=\"elementor-element elementor-element-0b6734c elementor-widget elementor-widget-heading\" data-id=\"0b6734c\" data-element_type=\"widget\" data-widget_type=\"heading.default\">\n\t\t\t\t<div class=\"elementor-widget-container\">\n\t\t\t<h2 class=\"elementor-heading-title elementor-size-default\">Nyitott poz\u00edci\u00f3k:<\/h2>\t\t<\/div>\n\t\t\t\t<\/div>\n\t\t\t\t\t<\/div>\n\t\t<\/div>\n\t\t\t\t\t<\/div>\n\t\t<\/section>\n\t\t\t\t<section class=\"elementor-section elementor-top-section elementor-element elementor-element-b188425 elementor-section-boxed elementor-section-height-default elementor-section-height-default\" data-id=\"b188425\" data-element_type=\"section\">\n\t\t\t\t\t\t<div class=\"elementor-container elementor-column-gap-default\">\n\t\t\t\t\t<div class=\"elementor-column elementor-col-100 elementor-top-column elementor-element elementor-element-482d80c\" data-id=\"482d80c\" data-element_type=\"column\">\n\t\t\t<div class=\"elementor-widget-wrap elementor-element-populated\">\n\t\t\t\t\t\t<div class=\"elementor-element elementor-element-5abce15 elementor-widget elementor-widget-text-editor\" data-id=\"5abce15\" data-element_type=\"widget\" data-widget_type=\"text-editor.default\">\n\t\t\t\t<div class=\"elementor-widget-container\">\n\t\t\t\t\t\t\t<p>Az al\u00e1bbi nyitott poz\u00edci\u00f3kat aj\u00e1nlj\u00e1k:<\/p><p>\u00a0<\/p><ul><li><strong>Digit\u00e1lis akad\u00e1lymentes\u00edt\u00e9si szerkeszt\u0151<\/strong><\/li><li><strong>Senior inform\u00e1ci\u00f3technol\u00f3giai &#8211; \u00e9s\u00a0 inform\u00e1ci\u00f3biztons\u00e1gi specialista<\/strong><\/li><\/ul><p>\u00a0<\/p><p>Jelentkezni <a href=\"https:\/\/e-nmhh.nmhh.hu\/e-nhh\/4\/urlapok\/esf00123\/index.html\" target=\"_blank\" rel=\"noopener\">EZEN<\/a> a linken lehets\u00e9ges.\u00a0<\/p>\t\t\t\t\t\t<\/div>\n\t\t\t\t<\/div>\n\t\t\t\t\t<\/div>\n\t\t<\/div>\n\t\t\t\t\t<\/div>\n\t\t<\/section>\n\t\t\t\t<\/div>\n\t\t","protected":false},"excerpt":{"rendered":"<p>Nemzeti M\u00e9dia- \u00e9s H\u00edrk\u00f6zl\u00e9si Hat\u00f3s\u00e1g A Nemzeti M\u00e9dia- \u00e9s H\u00edrk\u00f6zl\u00e9si Hat\u00f3s\u00e1g a magyarorsz\u00e1gi m\u00e9dia- \u00e9s h\u00edrk\u00f6zl\u00e9si piacok szab\u00e1lyoz\u00f3 hat\u00f3s\u00e1ga. Szab\u00e1lyozzuk \u00e9s fel\u00fcgyelj\u00fck a h\u00edrk\u00f6zl\u00e9si piacok m\u0171k\u00f6d\u00e9s\u00e9t, seg\u00edtj\u00fck a hat\u00e9kony verseny kialakul\u00e1s\u00e1t, koordin\u00e1ljuk a polg\u00e1ri \u00e9s nem polg\u00e1ri c\u00e9l\u00fa frekvenciagazd\u00e1lkod\u00e1st, valamint ell\u00e1tjuk az ezzel kapcsolatos technol\u00f3giai \u00e9s m\u0171szaki feladatokat. Ehhez keress\u00fck a magasan k\u00e9pzett, szakmailag felk\u00e9sz\u00fclt, elk\u00f6telezett \u00e9s motiv\u00e1lt munkat\u00e1rsainkat. Nyitott [&hellip;]<\/p>\n","protected":false},"author":2,"featured_media":0,"parent":211,"menu_order":0,"comment_status":"closed","ping_status":"closed","template":"elementor_header_footer","meta":{"footnotes":""},"class_list":["post-1275","page","type-page","status-publish","hentry"],"_links":{"self":[{"href":"https:\/\/allasborze.ppke.hu\/index.php\/wp-json\/wp\/v2\/pages\/1275","targetHints":{"allow":["GET"]}}],"collection":[{"href":"https:\/\/allasborze.ppke.hu\/index.php\/wp-json\/wp\/v2\/pages"}],"about":[{"href":"https:\/\/allasborze.ppke.hu\/index.php\/wp-json\/wp\/v2\/types\/page"}],"author":[{"embeddable":true,"href":"https:\/\/allasborze.ppke.hu\/index.php\/wp-json\/wp\/v2\/users\/2"}],"replies":[{"embeddable":true,"href":"https:\/\/allasborze.ppke.hu\/index.php\/wp-json\/wp\/v2\/comments?post=1275"}],"version-history":[{"count":11,"href":"https:\/\/allasborze.ppke.hu\/index.php\/wp-json\/wp\/v2\/pages\/1275\/revisions"}],"predecessor-version":[{"id":1303,"href":"https:\/\/allasborze.ppke.hu\/index.php\/wp-json\/wp\/v2\/pages\/1275\/revisions\/1303"}],"up":[{"embeddable":true,"href":"https:\/\/allasborze.ppke.hu\/index.php\/wp-json\/wp\/v2\/pages\/211"}],"wp:attachment":[{"href":"https:\/\/allasborze.ppke.hu\/index.php\/wp-json\/wp\/v2\/media?parent=1275"}],"curies":[{"name":"wp","href":"https:\/\/api.w.org\/{rel}","templated":true}]}}