{"id":1249,"date":"2026-04-13T12:50:38","date_gmt":"2026-04-13T12:50:38","guid":{"rendered":"https:\/\/allasborze.ppke.hu\/?page_id=1249"},"modified":"2026-04-13T12:53:30","modified_gmt":"2026-04-13T12:53:30","slug":"morgan-stanley","status":"publish","type":"page","link":"https:\/\/allasborze.ppke.hu\/index.php\/kiallitoink\/morgan-stanley\/","title":{"rendered":"Morgan Stanley"},"content":{"rendered":"\t\t<div data-elementor-type=\"wp-page\" data-elementor-id=\"1249\" class=\"elementor elementor-1249\">\n\t\t\t\t\t\t<section class=\"elementor-section elementor-top-section elementor-element elementor-element-4ff1e66 elementor-section-boxed elementor-section-height-default elementor-section-height-default\" data-id=\"4ff1e66\" data-element_type=\"section\">\n\t\t\t\t\t\t<div class=\"elementor-container elementor-column-gap-default\">\n\t\t\t\t\t<div class=\"elementor-column elementor-col-100 elementor-top-column elementor-element elementor-element-e7201d4\" data-id=\"e7201d4\" data-element_type=\"column\">\n\t\t\t<div class=\"elementor-widget-wrap elementor-element-populated\">\n\t\t\t\t\t\t<div class=\"elementor-element elementor-element-a836159 elementor-widget elementor-widget-spacer\" data-id=\"a836159\" data-element_type=\"widget\" data-widget_type=\"spacer.default\">\n\t\t\t\t<div class=\"elementor-widget-container\">\n\t\t\t<style>\/*! elementor - v3.23.0 - 25-07-2024 *\/\n.elementor-column .elementor-spacer-inner{height:var(--spacer-size)}.e-con{--container-widget-width:100%}.e-con-inner>.elementor-widget-spacer,.e-con>.elementor-widget-spacer{width:var(--container-widget-width,var(--spacer-size));--align-self:var(--container-widget-align-self,initial);--flex-shrink:0}.e-con-inner>.elementor-widget-spacer>.elementor-widget-container,.e-con>.elementor-widget-spacer>.elementor-widget-container{height:100%;width:100%}.e-con-inner>.elementor-widget-spacer>.elementor-widget-container>.elementor-spacer,.e-con>.elementor-widget-spacer>.elementor-widget-container>.elementor-spacer{height:100%}.e-con-inner>.elementor-widget-spacer>.elementor-widget-container>.elementor-spacer>.elementor-spacer-inner,.e-con>.elementor-widget-spacer>.elementor-widget-container>.elementor-spacer>.elementor-spacer-inner{height:var(--container-widget-height,var(--spacer-size))}.e-con-inner>.elementor-widget-spacer.elementor-widget-empty,.e-con>.elementor-widget-spacer.elementor-widget-empty{position:relative;min-height:22px;min-width:22px}.e-con-inner>.elementor-widget-spacer.elementor-widget-empty .elementor-widget-empty-icon,.e-con>.elementor-widget-spacer.elementor-widget-empty .elementor-widget-empty-icon{position:absolute;top:0;bottom:0;left:0;right:0;margin:auto;padding:0;width:22px;height:22px}<\/style>\t\t<div class=\"elementor-spacer\">\n\t\t\t<div class=\"elementor-spacer-inner\"><\/div>\n\t\t<\/div>\n\t\t\t\t<\/div>\n\t\t\t\t<\/div>\n\t\t\t\t\t<\/div>\n\t\t<\/div>\n\t\t\t\t\t<\/div>\n\t\t<\/section>\n\t\t\t\t<section class=\"elementor-section elementor-top-section elementor-element elementor-element-32050aa elementor-section-boxed elementor-section-height-default elementor-section-height-default\" data-id=\"32050aa\" data-element_type=\"section\">\n\t\t\t\t\t\t<div class=\"elementor-container elementor-column-gap-default\">\n\t\t\t\t\t<div class=\"elementor-column elementor-col-100 elementor-top-column elementor-element elementor-element-7636bc5\" data-id=\"7636bc5\" data-element_type=\"column\">\n\t\t\t<div class=\"elementor-widget-wrap elementor-element-populated\">\n\t\t\t\t\t\t<div class=\"elementor-element elementor-element-a2168d2 elementor-widget elementor-widget-heading\" data-id=\"a2168d2\" data-element_type=\"widget\" data-widget_type=\"heading.default\">\n\t\t\t\t<div class=\"elementor-widget-container\">\n\t\t\t<style>\/*! elementor - v3.23.0 - 25-07-2024 *\/\n.elementor-heading-title{padding:0;margin:0;line-height:1}.elementor-widget-heading .elementor-heading-title[class*=elementor-size-]>a{color:inherit;font-size:inherit;line-height:inherit}.elementor-widget-heading .elementor-heading-title.elementor-size-small{font-size:15px}.elementor-widget-heading .elementor-heading-title.elementor-size-medium{font-size:19px}.elementor-widget-heading .elementor-heading-title.elementor-size-large{font-size:29px}.elementor-widget-heading .elementor-heading-title.elementor-size-xl{font-size:39px}.elementor-widget-heading .elementor-heading-title.elementor-size-xxl{font-size:59px}<\/style><h2 class=\"elementor-heading-title elementor-size-default\">Morgan Stanley<\/h2>\t\t<\/div>\n\t\t\t\t<\/div>\n\t\t\t\t\t<\/div>\n\t\t<\/div>\n\t\t\t\t\t<\/div>\n\t\t<\/section>\n\t\t\t\t<section class=\"elementor-section elementor-top-section elementor-element elementor-element-fda8521 elementor-section-boxed elementor-section-height-default elementor-section-height-default\" data-id=\"fda8521\" data-element_type=\"section\">\n\t\t\t\t\t\t<div class=\"elementor-container elementor-column-gap-default\">\n\t\t\t\t\t<div class=\"elementor-column elementor-col-50 elementor-top-column elementor-element elementor-element-93f2bd8\" data-id=\"93f2bd8\" data-element_type=\"column\">\n\t\t\t<div class=\"elementor-widget-wrap elementor-element-populated\">\n\t\t\t\t\t\t<div class=\"elementor-element elementor-element-1d6190c elementor-widget elementor-widget-text-editor\" data-id=\"1d6190c\" data-element_type=\"widget\" data-widget_type=\"text-editor.default\">\n\t\t\t\t<div class=\"elementor-widget-container\">\n\t\t\t<style>\/*! elementor - v3.23.0 - 25-07-2024 *\/\n.elementor-widget-text-editor.elementor-drop-cap-view-stacked .elementor-drop-cap{background-color:#69727d;color:#fff}.elementor-widget-text-editor.elementor-drop-cap-view-framed .elementor-drop-cap{color:#69727d;border:3px solid;background-color:transparent}.elementor-widget-text-editor:not(.elementor-drop-cap-view-default) .elementor-drop-cap{margin-top:8px}.elementor-widget-text-editor:not(.elementor-drop-cap-view-default) .elementor-drop-cap-letter{width:1em;height:1em}.elementor-widget-text-editor .elementor-drop-cap{float:left;text-align:center;line-height:1;font-size:50px}.elementor-widget-text-editor .elementor-drop-cap-letter{display:inline-block}<\/style>\t\t\t\t<p>Az al\u00e1bbi bet\u00f6ltetlen poz\u00edci\u00f3kra keresnek munkat\u00e1rsat:<\/p><p>\u00a0<\/p><p><a href=\"https:\/\/morganstanley.tal.net\/vx\/lang-en-GB\/mobile-0\/brand-2\/xf-391156e5977a\/candidate\/so\/pm\/1\/pl\/1\/opp\/19847-2026-Technology-Internship-Budapest\/en-GB\">Technology Internship<\/a><\/p><p><a href=\"https:\/\/morganstanley.tal.net\/vx\/lang-en-GB\/mobile-0\/brand-2\/xf-391156e5977a\/candidate\/so\/pm\/1\/pl\/1\/opp\/19835-2026-Quantitative-Finance-Fixed-Income-Internship-Budapest\/en-GB\">Quantitative Finance Fixed Income Internship<\/a><\/p><p><a href=\"https:\/\/morganstanley.tal.net\/vx\/lang-en-GB\/mobile-0\/brand-2\/xf-391156e5977a\/candidate\/so\/pm\/1\/pl\/1\/opp\/19837-2026-Quantitative-Finance-Developer-Internship-Budapest\/en-GB\">Quantitative Finance Developer Internship<\/a><\/p><p><a href=\"https:\/\/morganstanley.tal.net\/vx\/lang-en-GB\/mobile-0\/brand-2\/xf-391156e5977a\/candidate\/so\/pm\/1\/pl\/1\/opp\/19838-2026-Fixed-Income-Internship-FSL-Asset-Management\/en-GB\">Fixed Income Internship \u2013 FSL Asset Management<\/a><\/p><p><a href=\"https:\/\/morganstanley.tal.net\/vx\/lang-en-GB\/mobile-0\/brand-2\/xf-391156e5977a\/candidate\/so\/pm\/1\/pl\/1\/opp\/19825-2026-Internal-Audit-Internship-Program-Budapest\/en-GB\">Internal Audit Internship Program<\/a><\/p><p><a href=\"https:\/\/morganstanley.tal.net\/vx\/lang-en-GB\/mobile-0\/brand-2\/xf-391156e5977a\/candidate\/so\/pm\/1\/pl\/1\/opp\/19812-2026-Risk-Management-Internship-Program-Quantitative-Budapest\/en-GB\">Risk Management Internship Program \u2013 Quantitative<\/a><\/p><p><a href=\"https:\/\/morganstanley.tal.net\/vx\/lang-en-GB\/mobile-0\/brand-2\/xf-391156e5977a\/candidate\/so\/pm\/1\/pl\/1\/opp\/19820-2026-Data-Governance-AI-Model-Validation-and-Compensation-Internship-Program-Budapest\/en-GB\">Data Governance\/AI Model Validation and Compensation Internship Program<\/a><\/p>\t\t\t\t\t\t<\/div>\n\t\t\t\t<\/div>\n\t\t\t\t\t<\/div>\n\t\t<\/div>\n\t\t\t\t<div class=\"elementor-column elementor-col-50 elementor-top-column elementor-element elementor-element-e735e51\" data-id=\"e735e51\" data-element_type=\"column\">\n\t\t\t<div class=\"elementor-widget-wrap elementor-element-populated\">\n\t\t\t\t\t\t<div class=\"elementor-element elementor-element-6d8b413 elementor-widget elementor-widget-image\" data-id=\"6d8b413\" data-element_type=\"widget\" data-widget_type=\"image.default\">\n\t\t\t\t<div class=\"elementor-widget-container\">\n\t\t\t<style>\/*! elementor - v3.23.0 - 25-07-2024 *\/\n.elementor-widget-image{text-align:center}.elementor-widget-image a{display:inline-block}.elementor-widget-image a img[src$=\".svg\"]{width:48px}.elementor-widget-image img{vertical-align:middle;display:inline-block}<\/style>\t\t\t\t\t\t\t\t\t\t<img decoding=\"async\" width=\"200\" height=\"200\" src=\"https:\/\/allasborze.ppke.hu\/wp-content\/uploads\/2025\/09\/morgan.stanley_200x200.png\" class=\"attachment-large size-large wp-image-235\" alt=\"\" srcset=\"https:\/\/allasborze.ppke.hu\/wp-content\/uploads\/2025\/09\/morgan.stanley_200x200.png 200w, https:\/\/allasborze.ppke.hu\/wp-content\/uploads\/2025\/09\/morgan.stanley_200x200-150x150.png 150w\" sizes=\"(max-width: 200px) 100vw, 200px\" \/>\t\t\t\t\t\t\t\t\t\t\t\t\t<\/div>\n\t\t\t\t<\/div>\n\t\t\t\t\t<\/div>\n\t\t<\/div>\n\t\t\t\t\t<\/div>\n\t\t<\/section>\n\t\t\t\t<section class=\"elementor-section elementor-top-section elementor-element elementor-element-f53b1e8 elementor-section-boxed elementor-section-height-default elementor-section-height-default\" data-id=\"f53b1e8\" data-element_type=\"section\">\n\t\t\t\t\t\t<div class=\"elementor-container elementor-column-gap-default\">\n\t\t\t\t\t<div class=\"elementor-column elementor-col-100 elementor-top-column elementor-element elementor-element-6eb0825\" data-id=\"6eb0825\" data-element_type=\"column\">\n\t\t\t<div class=\"elementor-widget-wrap elementor-element-populated\">\n\t\t\t\t\t\t<div class=\"elementor-element elementor-element-ea91ea0 elementor-widget elementor-widget-video\" data-id=\"ea91ea0\" data-element_type=\"widget\" data-settings=\"{&quot;youtube_url&quot;:&quot;https:\\\/\\\/www.youtube.com\\\/watch?v=hSHvBRPaxLQ&quot;,&quot;video_type&quot;:&quot;youtube&quot;,&quot;controls&quot;:&quot;yes&quot;}\" data-widget_type=\"video.default\">\n\t\t\t\t<div class=\"elementor-widget-container\">\n\t\t\t<style>\/*! elementor - v3.23.0 - 25-07-2024 *\/\n.elementor-widget-video .elementor-widget-container{overflow:hidden;transform:translateZ(0)}.elementor-widget-video .elementor-wrapper{aspect-ratio:var(--video-aspect-ratio)}.elementor-widget-video .elementor-wrapper iframe,.elementor-widget-video .elementor-wrapper video{height:100%;width:100%;display:flex;border:none;background-color:#000}@supports not (aspect-ratio:1\/1){.elementor-widget-video .elementor-wrapper{position:relative;overflow:hidden;height:0;padding-bottom:calc(100% \/ var(--video-aspect-ratio))}.elementor-widget-video .elementor-wrapper iframe,.elementor-widget-video .elementor-wrapper video{position:absolute;top:0;right:0;bottom:0;left:0}}.elementor-widget-video .elementor-open-inline .elementor-custom-embed-image-overlay{position:absolute;top:0;right:0;bottom:0;left:0;background-size:cover;background-position:50%}.elementor-widget-video .elementor-custom-embed-image-overlay{cursor:pointer;text-align:center}.elementor-widget-video .elementor-custom-embed-image-overlay:hover .elementor-custom-embed-play i{opacity:1}.elementor-widget-video .elementor-custom-embed-image-overlay img{display:block;width:100%;aspect-ratio:var(--video-aspect-ratio);-o-object-fit:cover;object-fit:cover;-o-object-position:center center;object-position:center center}@supports not (aspect-ratio:1\/1){.elementor-widget-video .elementor-custom-embed-image-overlay{position:relative;overflow:hidden;height:0;padding-bottom:calc(100% \/ var(--video-aspect-ratio))}.elementor-widget-video .elementor-custom-embed-image-overlay img{position:absolute;top:0;right:0;bottom:0;left:0}}.elementor-widget-video .e-hosted-video .elementor-video{-o-object-fit:cover;object-fit:cover}.e-con-inner>.elementor-widget-video,.e-con>.elementor-widget-video{width:var(--container-widget-width);--flex-grow:var(--container-widget-flex-grow)}<\/style>\t\t<div class=\"elementor-wrapper elementor-open-inline\">\n\t\t\t<div class=\"elementor-video\"><\/div>\t\t<\/div>\n\t\t\t\t<\/div>\n\t\t\t\t<\/div>\n\t\t\t\t\t<\/div>\n\t\t<\/div>\n\t\t\t\t\t<\/div>\n\t\t<\/section>\n\t\t\t\t<\/div>\n\t\t","protected":false},"excerpt":{"rendered":"<p>Morgan Stanley Az al\u00e1bbi bet\u00f6ltetlen poz\u00edci\u00f3kra keresnek munkat\u00e1rsat: \u00a0 Technology Internship Quantitative Finance Fixed Income Internship Quantitative Finance Developer Internship Fixed Income Internship \u2013 FSL Asset Management Internal Audit Internship Program Risk Management Internship Program \u2013 Quantitative Data Governance\/AI Model Validation and Compensation Internship Program<\/p>\n","protected":false},"author":2,"featured_media":0,"parent":211,"menu_order":0,"comment_status":"closed","ping_status":"closed","template":"elementor_header_footer","meta":{"footnotes":""},"class_list":["post-1249","page","type-page","status-publish","hentry"],"_links":{"self":[{"href":"https:\/\/allasborze.ppke.hu\/index.php\/wp-json\/wp\/v2\/pages\/1249","targetHints":{"allow":["GET"]}}],"collection":[{"href":"https:\/\/allasborze.ppke.hu\/index.php\/wp-json\/wp\/v2\/pages"}],"about":[{"href":"https:\/\/allasborze.ppke.hu\/index.php\/wp-json\/wp\/v2\/types\/page"}],"author":[{"embeddable":true,"href":"https:\/\/allasborze.ppke.hu\/index.php\/wp-json\/wp\/v2\/users\/2"}],"replies":[{"embeddable":true,"href":"https:\/\/allasborze.ppke.hu\/index.php\/wp-json\/wp\/v2\/comments?post=1249"}],"version-history":[{"count":5,"href":"https:\/\/allasborze.ppke.hu\/index.php\/wp-json\/wp\/v2\/pages\/1249\/revisions"}],"predecessor-version":[{"id":1254,"href":"https:\/\/allasborze.ppke.hu\/index.php\/wp-json\/wp\/v2\/pages\/1249\/revisions\/1254"}],"up":[{"embeddable":true,"href":"https:\/\/allasborze.ppke.hu\/index.php\/wp-json\/wp\/v2\/pages\/211"}],"wp:attachment":[{"href":"https:\/\/allasborze.ppke.hu\/index.php\/wp-json\/wp\/v2\/media?parent=1249"}],"curies":[{"name":"wp","href":"https:\/\/api.w.org\/{rel}","templated":true}]}}