{"id":1126,"date":"2026-04-07T08:45:58","date_gmt":"2026-04-07T08:45:58","guid":{"rendered":"https:\/\/allasborze.ppke.hu\/?page_id=1126"},"modified":"2026-04-08T11:05:27","modified_gmt":"2026-04-08T11:05:27","slug":"nemzetbiztonsagi-szakszolgalat","status":"publish","type":"page","link":"https:\/\/allasborze.ppke.hu\/index.php\/kiallitoink\/nemzetbiztonsagi-szakszolgalat\/","title":{"rendered":"Nemzetbiztons\u00e1gi Szakszolg\u00e1lat"},"content":{"rendered":"\t\t<div data-elementor-type=\"wp-page\" data-elementor-id=\"1126\" class=\"elementor elementor-1126\">\n\t\t\t\t\t\t<section class=\"elementor-section elementor-top-section elementor-element elementor-element-eb0e821 elementor-section-boxed elementor-section-height-default elementor-section-height-default\" data-id=\"eb0e821\" data-element_type=\"section\">\n\t\t\t\t\t\t<div class=\"elementor-container elementor-column-gap-default\">\n\t\t\t\t\t<div class=\"elementor-column elementor-col-100 elementor-top-column elementor-element elementor-element-ba792d4\" data-id=\"ba792d4\" data-element_type=\"column\">\n\t\t\t<div class=\"elementor-widget-wrap elementor-element-populated\">\n\t\t\t\t\t\t<div class=\"elementor-element elementor-element-65429e1 elementor-widget elementor-widget-spacer\" data-id=\"65429e1\" data-element_type=\"widget\" data-widget_type=\"spacer.default\">\n\t\t\t\t<div class=\"elementor-widget-container\">\n\t\t\t<style>\/*! elementor - v3.23.0 - 25-07-2024 *\/\n.elementor-column .elementor-spacer-inner{height:var(--spacer-size)}.e-con{--container-widget-width:100%}.e-con-inner>.elementor-widget-spacer,.e-con>.elementor-widget-spacer{width:var(--container-widget-width,var(--spacer-size));--align-self:var(--container-widget-align-self,initial);--flex-shrink:0}.e-con-inner>.elementor-widget-spacer>.elementor-widget-container,.e-con>.elementor-widget-spacer>.elementor-widget-container{height:100%;width:100%}.e-con-inner>.elementor-widget-spacer>.elementor-widget-container>.elementor-spacer,.e-con>.elementor-widget-spacer>.elementor-widget-container>.elementor-spacer{height:100%}.e-con-inner>.elementor-widget-spacer>.elementor-widget-container>.elementor-spacer>.elementor-spacer-inner,.e-con>.elementor-widget-spacer>.elementor-widget-container>.elementor-spacer>.elementor-spacer-inner{height:var(--container-widget-height,var(--spacer-size))}.e-con-inner>.elementor-widget-spacer.elementor-widget-empty,.e-con>.elementor-widget-spacer.elementor-widget-empty{position:relative;min-height:22px;min-width:22px}.e-con-inner>.elementor-widget-spacer.elementor-widget-empty .elementor-widget-empty-icon,.e-con>.elementor-widget-spacer.elementor-widget-empty .elementor-widget-empty-icon{position:absolute;top:0;bottom:0;left:0;right:0;margin:auto;padding:0;width:22px;height:22px}<\/style>\t\t<div class=\"elementor-spacer\">\n\t\t\t<div class=\"elementor-spacer-inner\"><\/div>\n\t\t<\/div>\n\t\t\t\t<\/div>\n\t\t\t\t<\/div>\n\t\t\t\t\t<\/div>\n\t\t<\/div>\n\t\t\t\t\t<\/div>\n\t\t<\/section>\n\t\t\t\t<section class=\"elementor-section elementor-top-section elementor-element elementor-element-a467ac1 elementor-section-boxed elementor-section-height-default elementor-section-height-default\" data-id=\"a467ac1\" data-element_type=\"section\">\n\t\t\t\t\t\t<div class=\"elementor-container elementor-column-gap-default\">\n\t\t\t\t\t<div class=\"elementor-column elementor-col-100 elementor-top-column elementor-element elementor-element-fc59cd5\" data-id=\"fc59cd5\" data-element_type=\"column\">\n\t\t\t<div class=\"elementor-widget-wrap elementor-element-populated\">\n\t\t\t\t\t\t<div class=\"elementor-element elementor-element-beaa07f elementor-widget elementor-widget-heading\" data-id=\"beaa07f\" data-element_type=\"widget\" data-widget_type=\"heading.default\">\n\t\t\t\t<div class=\"elementor-widget-container\">\n\t\t\t<style>\/*! elementor - v3.23.0 - 25-07-2024 *\/\n.elementor-heading-title{padding:0;margin:0;line-height:1}.elementor-widget-heading .elementor-heading-title[class*=elementor-size-]>a{color:inherit;font-size:inherit;line-height:inherit}.elementor-widget-heading .elementor-heading-title.elementor-size-small{font-size:15px}.elementor-widget-heading .elementor-heading-title.elementor-size-medium{font-size:19px}.elementor-widget-heading .elementor-heading-title.elementor-size-large{font-size:29px}.elementor-widget-heading .elementor-heading-title.elementor-size-xl{font-size:39px}.elementor-widget-heading .elementor-heading-title.elementor-size-xxl{font-size:59px}<\/style><h2 class=\"elementor-heading-title elementor-size-default\">Nemzetbiztons\u00e1gi Szakszolg\u00e1lat<\/h2>\t\t<\/div>\n\t\t\t\t<\/div>\n\t\t\t\t\t<\/div>\n\t\t<\/div>\n\t\t\t\t\t<\/div>\n\t\t<\/section>\n\t\t\t\t<section class=\"elementor-section elementor-top-section elementor-element elementor-element-191cfbd elementor-section-boxed elementor-section-height-default elementor-section-height-default\" data-id=\"191cfbd\" data-element_type=\"section\">\n\t\t\t\t\t\t<div class=\"elementor-container elementor-column-gap-default\">\n\t\t\t\t\t<div class=\"elementor-column elementor-col-50 elementor-top-column elementor-element elementor-element-eb479a5\" data-id=\"eb479a5\" data-element_type=\"column\">\n\t\t\t<div class=\"elementor-widget-wrap elementor-element-populated\">\n\t\t\t\t\t\t<div class=\"elementor-element elementor-element-dbca916 elementor-widget elementor-widget-text-editor\" data-id=\"dbca916\" data-element_type=\"widget\" data-widget_type=\"text-editor.default\">\n\t\t\t\t<div class=\"elementor-widget-container\">\n\t\t\t<style>\/*! elementor - v3.23.0 - 25-07-2024 *\/\n.elementor-widget-text-editor.elementor-drop-cap-view-stacked .elementor-drop-cap{background-color:#69727d;color:#fff}.elementor-widget-text-editor.elementor-drop-cap-view-framed .elementor-drop-cap{color:#69727d;border:3px solid;background-color:transparent}.elementor-widget-text-editor:not(.elementor-drop-cap-view-default) .elementor-drop-cap{margin-top:8px}.elementor-widget-text-editor:not(.elementor-drop-cap-view-default) .elementor-drop-cap-letter{width:1em;height:1em}.elementor-widget-text-editor .elementor-drop-cap{float:left;text-align:center;line-height:1;font-size:50px}.elementor-widget-text-editor .elementor-drop-cap-letter{display:inline-block}<\/style>\t\t\t\t<p>\ud83e\udde0 Szeretsz komplex probl\u00e9m\u00e1kat megoldani?<br \/>\ud83d\udd0e Prec\u00edz vagy \u00e9s vonz a felel\u0151ss\u00e9gteljes, bizalmas munka?<\/p><p>\ud83d\udcbb \u00c9rdekel a kiberv\u00e9delem vil\u00e1ga?<\/p><p>\u00a0<\/p><p>A Nemzetbiztons\u00e1gi Szakszolg\u00e1lat <strong>szak\u00e9rt\u0151i, kiberbiztons\u00e1gi, hat\u00f3s\u00e1gi, adminisztrat\u00edv ter\u00fcletre<\/strong>, valamint b\u0171n\u00fcld\u00f6z\u0151 partnerei munk\u00e1j\u00e1nak komplex t\u00e1mogat\u00e1s\u00e1ra keres \u00faj munkat\u00e1rsakat.<\/p><p>\u00a0<\/p><p>Ha k\u00e9szen \u00e1llsz arra, hogy a h\u00e1tt\u00e9rb\u0151l form\u00e1ld a j\u00f6v\u0151t \u2014\ud83d\udce9 jelentkezz!<\/p>\t\t\t\t\t\t<\/div>\n\t\t\t\t<\/div>\n\t\t\t\t\t<\/div>\n\t\t<\/div>\n\t\t\t\t<div class=\"elementor-column elementor-col-50 elementor-top-column elementor-element elementor-element-3e9c2fe\" data-id=\"3e9c2fe\" data-element_type=\"column\">\n\t\t\t<div class=\"elementor-widget-wrap elementor-element-populated\">\n\t\t\t\t\t\t<div class=\"elementor-element elementor-element-339f225 elementor-widget elementor-widget-image\" data-id=\"339f225\" data-element_type=\"widget\" data-widget_type=\"image.default\">\n\t\t\t\t<div class=\"elementor-widget-container\">\n\t\t\t<style>\/*! elementor - v3.23.0 - 25-07-2024 *\/\n.elementor-widget-image{text-align:center}.elementor-widget-image a{display:inline-block}.elementor-widget-image a img[src$=\".svg\"]{width:48px}.elementor-widget-image img{vertical-align:middle;display:inline-block}<\/style>\t\t\t\t\t\t\t\t\t\t<img fetchpriority=\"high\" decoding=\"async\" width=\"640\" height=\"640\" src=\"https:\/\/allasborze.ppke.hu\/wp-content\/uploads\/2026\/04\/szines_fekete_hatter-1024x1024.png\" class=\"attachment-large size-large wp-image-1128\" alt=\"\" srcset=\"https:\/\/allasborze.ppke.hu\/wp-content\/uploads\/2026\/04\/szines_fekete_hatter-1024x1024.png 1024w, https:\/\/allasborze.ppke.hu\/wp-content\/uploads\/2026\/04\/szines_fekete_hatter-300x300.png 300w, https:\/\/allasborze.ppke.hu\/wp-content\/uploads\/2026\/04\/szines_fekete_hatter-150x150.png 150w, https:\/\/allasborze.ppke.hu\/wp-content\/uploads\/2026\/04\/szines_fekete_hatter-768x768.png 768w, https:\/\/allasborze.ppke.hu\/wp-content\/uploads\/2026\/04\/szines_fekete_hatter-1536x1536.png 1536w, https:\/\/allasborze.ppke.hu\/wp-content\/uploads\/2026\/04\/szines_fekete_hatter-2048x2048.png 2048w\" sizes=\"(max-width: 640px) 100vw, 640px\" \/>\t\t\t\t\t\t\t\t\t\t\t\t\t<\/div>\n\t\t\t\t<\/div>\n\t\t\t\t\t<\/div>\n\t\t<\/div>\n\t\t\t\t\t<\/div>\n\t\t<\/section>\n\t\t\t\t<section class=\"elementor-section elementor-top-section elementor-element elementor-element-158a279 elementor-section-boxed elementor-section-height-default elementor-section-height-default\" data-id=\"158a279\" data-element_type=\"section\">\n\t\t\t\t\t\t<div class=\"elementor-container elementor-column-gap-default\">\n\t\t\t\t\t<div class=\"elementor-column elementor-col-100 elementor-top-column elementor-element elementor-element-1057ad9\" data-id=\"1057ad9\" data-element_type=\"column\">\n\t\t\t<div class=\"elementor-widget-wrap elementor-element-populated\">\n\t\t\t\t\t\t<div class=\"elementor-element elementor-element-fe6b794 elementor-widget elementor-widget-heading\" data-id=\"fe6b794\" data-element_type=\"widget\" data-widget_type=\"heading.default\">\n\t\t\t\t<div class=\"elementor-widget-container\">\n\t\t\t<h2 class=\"elementor-heading-title elementor-size-default\">Nyitott poz\u00edci\u00f3k:<\/h2>\t\t<\/div>\n\t\t\t\t<\/div>\n\t\t\t\t<div class=\"elementor-element elementor-element-00e0dc5 elementor-widget elementor-widget-text-editor\" data-id=\"00e0dc5\" data-element_type=\"widget\" data-widget_type=\"text-editor.default\">\n\t\t\t\t<div class=\"elementor-widget-container\">\n\t\t\t\t\t\t\t<p><strong>Az al\u00e1bbi bet\u00f6ltetlen poz\u00edci\u00f3kra keresnek munkat\u00e1rsat:<\/strong><\/p><ul><li>Ford\u00edt\u00f3-elemz\u0151 munkak\u00f6r,<\/li><li>Hat\u00f3s\u00e1gi \u00fcgyint\u00e9z\u0151, ellen\u0151r,<\/li><li>Kriptogr\u00e1fiai szak\u00e9rt\u0151\/Cryptography specialist,<\/li><li>S\u00e9r\u00fcl\u00e9kenys\u00e9gvizsg\u00e1lati szak\u00e9rt\u0151\/Ethical hacker,<\/li><li>Min\u0151s\u00edtett adatv\u00e9delmi jog\u00e1sz,<\/li><li>H\u00e1l\u00f3zati rendszerm\u00e9rn\u00f6k,<\/li><li>Elektronikus biztons\u00e1gi hat\u00f3s\u00e1gi \u00fcgyint\u00e9z\u0151,<\/li><li>Technikai felder\u00edt\u0151 tiszt,<\/li><li>Alkalmaz\u00e1s\/szolg\u00e1ltat\u00e1s \u00fczemeltet\u0151 m\u00e9rn\u00f6k,<\/li><li>Alkalmaz\u00e1sk\u00e9sz\u00edt\u0151 \u00e9s rendszerintegr\u00e1tor,<\/li><li>Speci\u00e1lis m\u0171szaki oper\u00e1tor.<\/li><li>\u00a0<\/li><\/ul><p>Jelentkezni <a href=\"https:\/\/nbsz.gov.hu\/karrier\" target=\"_blank\" rel=\"noopener\">EZEN<\/a> a linken lehet.\u00a0<\/p>\t\t\t\t\t\t<\/div>\n\t\t\t\t<\/div>\n\t\t\t\t\t<\/div>\n\t\t<\/div>\n\t\t\t\t\t<\/div>\n\t\t<\/section>\n\t\t\t\t<section class=\"elementor-section elementor-top-section elementor-element elementor-element-98cc215 elementor-section-boxed elementor-section-height-default elementor-section-height-default\" data-id=\"98cc215\" data-element_type=\"section\">\n\t\t\t\t\t\t<div class=\"elementor-container elementor-column-gap-default\">\n\t\t\t\t\t<div class=\"elementor-column elementor-col-100 elementor-top-column elementor-element elementor-element-78d15bb\" data-id=\"78d15bb\" data-element_type=\"column\">\n\t\t\t<div class=\"elementor-widget-wrap elementor-element-populated\">\n\t\t\t\t\t\t<div class=\"elementor-element elementor-element-6336fe4 elementor-widget elementor-widget-video\" data-id=\"6336fe4\" data-element_type=\"widget\" data-settings=\"{&quot;youtube_url&quot;:&quot;https:\\\/\\\/www.youtube.com\\\/watch?v=NrAqDN1Wqmw&quot;,&quot;video_type&quot;:&quot;youtube&quot;,&quot;controls&quot;:&quot;yes&quot;}\" data-widget_type=\"video.default\">\n\t\t\t\t<div class=\"elementor-widget-container\">\n\t\t\t<style>\/*! elementor - v3.23.0 - 25-07-2024 *\/\n.elementor-widget-video .elementor-widget-container{overflow:hidden;transform:translateZ(0)}.elementor-widget-video .elementor-wrapper{aspect-ratio:var(--video-aspect-ratio)}.elementor-widget-video .elementor-wrapper iframe,.elementor-widget-video .elementor-wrapper video{height:100%;width:100%;display:flex;border:none;background-color:#000}@supports not (aspect-ratio:1\/1){.elementor-widget-video .elementor-wrapper{position:relative;overflow:hidden;height:0;padding-bottom:calc(100% \/ var(--video-aspect-ratio))}.elementor-widget-video .elementor-wrapper iframe,.elementor-widget-video .elementor-wrapper video{position:absolute;top:0;right:0;bottom:0;left:0}}.elementor-widget-video .elementor-open-inline .elementor-custom-embed-image-overlay{position:absolute;top:0;right:0;bottom:0;left:0;background-size:cover;background-position:50%}.elementor-widget-video .elementor-custom-embed-image-overlay{cursor:pointer;text-align:center}.elementor-widget-video .elementor-custom-embed-image-overlay:hover .elementor-custom-embed-play i{opacity:1}.elementor-widget-video .elementor-custom-embed-image-overlay img{display:block;width:100%;aspect-ratio:var(--video-aspect-ratio);-o-object-fit:cover;object-fit:cover;-o-object-position:center center;object-position:center center}@supports not (aspect-ratio:1\/1){.elementor-widget-video .elementor-custom-embed-image-overlay{position:relative;overflow:hidden;height:0;padding-bottom:calc(100% \/ var(--video-aspect-ratio))}.elementor-widget-video .elementor-custom-embed-image-overlay img{position:absolute;top:0;right:0;bottom:0;left:0}}.elementor-widget-video .e-hosted-video .elementor-video{-o-object-fit:cover;object-fit:cover}.e-con-inner>.elementor-widget-video,.e-con>.elementor-widget-video{width:var(--container-widget-width);--flex-grow:var(--container-widget-flex-grow)}<\/style>\t\t<div class=\"elementor-wrapper elementor-open-inline\">\n\t\t\t<div class=\"elementor-video\"><\/div>\t\t<\/div>\n\t\t\t\t<\/div>\n\t\t\t\t<\/div>\n\t\t\t\t\t<\/div>\n\t\t<\/div>\n\t\t\t\t\t<\/div>\n\t\t<\/section>\n\t\t\t\t<\/div>\n\t\t","protected":false},"excerpt":{"rendered":"<p>Nemzetbiztons\u00e1gi Szakszolg\u00e1lat \ud83e\udde0 Szeretsz komplex probl\u00e9m\u00e1kat megoldani?\ud83d\udd0e Prec\u00edz vagy \u00e9s vonz a felel\u0151ss\u00e9gteljes, bizalmas munka? \ud83d\udcbb \u00c9rdekel a kiberv\u00e9delem vil\u00e1ga? \u00a0 A Nemzetbiztons\u00e1gi Szakszolg\u00e1lat szak\u00e9rt\u0151i, kiberbiztons\u00e1gi, hat\u00f3s\u00e1gi, adminisztrat\u00edv ter\u00fcletre, valamint b\u0171n\u00fcld\u00f6z\u0151 partnerei munk\u00e1j\u00e1nak komplex t\u00e1mogat\u00e1s\u00e1ra keres \u00faj munkat\u00e1rsakat. \u00a0 Ha k\u00e9szen \u00e1llsz arra, hogy a h\u00e1tt\u00e9rb\u0151l form\u00e1ld a j\u00f6v\u0151t \u2014\ud83d\udce9 jelentkezz! Nyitott poz\u00edci\u00f3k: Az al\u00e1bbi bet\u00f6ltetlen poz\u00edci\u00f3kra keresnek munkat\u00e1rsat: Ford\u00edt\u00f3-elemz\u0151 [&hellip;]<\/p>\n","protected":false},"author":2,"featured_media":0,"parent":211,"menu_order":0,"comment_status":"closed","ping_status":"closed","template":"elementor_header_footer","meta":{"footnotes":""},"class_list":["post-1126","page","type-page","status-publish","hentry"],"_links":{"self":[{"href":"https:\/\/allasborze.ppke.hu\/index.php\/wp-json\/wp\/v2\/pages\/1126","targetHints":{"allow":["GET"]}}],"collection":[{"href":"https:\/\/allasborze.ppke.hu\/index.php\/wp-json\/wp\/v2\/pages"}],"about":[{"href":"https:\/\/allasborze.ppke.hu\/index.php\/wp-json\/wp\/v2\/types\/page"}],"author":[{"embeddable":true,"href":"https:\/\/allasborze.ppke.hu\/index.php\/wp-json\/wp\/v2\/users\/2"}],"replies":[{"embeddable":true,"href":"https:\/\/allasborze.ppke.hu\/index.php\/wp-json\/wp\/v2\/comments?post=1126"}],"version-history":[{"count":14,"href":"https:\/\/allasborze.ppke.hu\/index.php\/wp-json\/wp\/v2\/pages\/1126\/revisions"}],"predecessor-version":[{"id":1195,"href":"https:\/\/allasborze.ppke.hu\/index.php\/wp-json\/wp\/v2\/pages\/1126\/revisions\/1195"}],"up":[{"embeddable":true,"href":"https:\/\/allasborze.ppke.hu\/index.php\/wp-json\/wp\/v2\/pages\/211"}],"wp:attachment":[{"href":"https:\/\/allasborze.ppke.hu\/index.php\/wp-json\/wp\/v2\/media?parent=1126"}],"curies":[{"name":"wp","href":"https:\/\/api.w.org\/{rel}","templated":true}]}}