{"id":1080,"date":"2026-04-01T08:32:35","date_gmt":"2026-04-01T08:32:35","guid":{"rendered":"https:\/\/allasborze.ppke.hu\/?page_id=1080"},"modified":"2026-04-07T09:03:12","modified_gmt":"2026-04-07T09:03:12","slug":"mathias-corvinus-collegium","status":"publish","type":"page","link":"https:\/\/allasborze.ppke.hu\/index.php\/kiallitoink\/mathias-corvinus-collegium\/","title":{"rendered":"Mathias Corvinus Collegium"},"content":{"rendered":"\t\t<div data-elementor-type=\"wp-page\" data-elementor-id=\"1080\" class=\"elementor elementor-1080\">\n\t\t\t\t\t\t<section class=\"elementor-section elementor-top-section elementor-element elementor-element-db24413 elementor-section-boxed elementor-section-height-default elementor-section-height-default\" data-id=\"db24413\" data-element_type=\"section\">\n\t\t\t\t\t\t<div class=\"elementor-container elementor-column-gap-default\">\n\t\t\t\t\t<div class=\"elementor-column elementor-col-100 elementor-top-column elementor-element elementor-element-8f1b5a4\" data-id=\"8f1b5a4\" data-element_type=\"column\">\n\t\t\t<div class=\"elementor-widget-wrap elementor-element-populated\">\n\t\t\t\t\t\t<div class=\"elementor-element elementor-element-4424d13 elementor-widget elementor-widget-spacer\" data-id=\"4424d13\" data-element_type=\"widget\" data-widget_type=\"spacer.default\">\n\t\t\t\t<div class=\"elementor-widget-container\">\n\t\t\t<style>\/*! elementor - v3.23.0 - 25-07-2024 *\/\n.elementor-column .elementor-spacer-inner{height:var(--spacer-size)}.e-con{--container-widget-width:100%}.e-con-inner>.elementor-widget-spacer,.e-con>.elementor-widget-spacer{width:var(--container-widget-width,var(--spacer-size));--align-self:var(--container-widget-align-self,initial);--flex-shrink:0}.e-con-inner>.elementor-widget-spacer>.elementor-widget-container,.e-con>.elementor-widget-spacer>.elementor-widget-container{height:100%;width:100%}.e-con-inner>.elementor-widget-spacer>.elementor-widget-container>.elementor-spacer,.e-con>.elementor-widget-spacer>.elementor-widget-container>.elementor-spacer{height:100%}.e-con-inner>.elementor-widget-spacer>.elementor-widget-container>.elementor-spacer>.elementor-spacer-inner,.e-con>.elementor-widget-spacer>.elementor-widget-container>.elementor-spacer>.elementor-spacer-inner{height:var(--container-widget-height,var(--spacer-size))}.e-con-inner>.elementor-widget-spacer.elementor-widget-empty,.e-con>.elementor-widget-spacer.elementor-widget-empty{position:relative;min-height:22px;min-width:22px}.e-con-inner>.elementor-widget-spacer.elementor-widget-empty .elementor-widget-empty-icon,.e-con>.elementor-widget-spacer.elementor-widget-empty .elementor-widget-empty-icon{position:absolute;top:0;bottom:0;left:0;right:0;margin:auto;padding:0;width:22px;height:22px}<\/style>\t\t<div class=\"elementor-spacer\">\n\t\t\t<div class=\"elementor-spacer-inner\"><\/div>\n\t\t<\/div>\n\t\t\t\t<\/div>\n\t\t\t\t<\/div>\n\t\t\t\t\t<\/div>\n\t\t<\/div>\n\t\t\t\t\t<\/div>\n\t\t<\/section>\n\t\t\t\t<section class=\"elementor-section elementor-top-section elementor-element elementor-element-2060dd7 elementor-section-boxed elementor-section-height-default elementor-section-height-default\" data-id=\"2060dd7\" data-element_type=\"section\">\n\t\t\t\t\t\t<div class=\"elementor-container elementor-column-gap-default\">\n\t\t\t\t\t<div class=\"elementor-column elementor-col-100 elementor-top-column elementor-element elementor-element-231ec53\" data-id=\"231ec53\" data-element_type=\"column\">\n\t\t\t<div class=\"elementor-widget-wrap elementor-element-populated\">\n\t\t\t\t\t\t<div class=\"elementor-element elementor-element-134b363 elementor-widget elementor-widget-heading\" data-id=\"134b363\" data-element_type=\"widget\" data-widget_type=\"heading.default\">\n\t\t\t\t<div class=\"elementor-widget-container\">\n\t\t\t<style>\/*! elementor - v3.23.0 - 25-07-2024 *\/\n.elementor-heading-title{padding:0;margin:0;line-height:1}.elementor-widget-heading .elementor-heading-title[class*=elementor-size-]>a{color:inherit;font-size:inherit;line-height:inherit}.elementor-widget-heading .elementor-heading-title.elementor-size-small{font-size:15px}.elementor-widget-heading .elementor-heading-title.elementor-size-medium{font-size:19px}.elementor-widget-heading .elementor-heading-title.elementor-size-large{font-size:29px}.elementor-widget-heading .elementor-heading-title.elementor-size-xl{font-size:39px}.elementor-widget-heading .elementor-heading-title.elementor-size-xxl{font-size:59px}<\/style><h2 class=\"elementor-heading-title elementor-size-default\">Mathias Corvinus Collegium<\/h2>\t\t<\/div>\n\t\t\t\t<\/div>\n\t\t\t\t\t<\/div>\n\t\t<\/div>\n\t\t\t\t\t<\/div>\n\t\t<\/section>\n\t\t\t\t<section class=\"elementor-section elementor-top-section elementor-element elementor-element-a9d8dd2 elementor-section-boxed elementor-section-height-default elementor-section-height-default\" data-id=\"a9d8dd2\" data-element_type=\"section\">\n\t\t\t\t\t\t<div class=\"elementor-container elementor-column-gap-default\">\n\t\t\t\t\t<div class=\"elementor-column elementor-col-50 elementor-top-column elementor-element elementor-element-d03c826\" data-id=\"d03c826\" data-element_type=\"column\">\n\t\t\t<div class=\"elementor-widget-wrap elementor-element-populated\">\n\t\t\t\t\t\t<div class=\"elementor-element elementor-element-1ce4a2a elementor-widget__width-initial elementor-widget elementor-widget-text-editor\" data-id=\"1ce4a2a\" data-element_type=\"widget\" data-widget_type=\"text-editor.default\">\n\t\t\t\t<div class=\"elementor-widget-container\">\n\t\t\t<style>\/*! elementor - v3.23.0 - 25-07-2024 *\/\n.elementor-widget-text-editor.elementor-drop-cap-view-stacked .elementor-drop-cap{background-color:#69727d;color:#fff}.elementor-widget-text-editor.elementor-drop-cap-view-framed .elementor-drop-cap{color:#69727d;border:3px solid;background-color:transparent}.elementor-widget-text-editor:not(.elementor-drop-cap-view-default) .elementor-drop-cap{margin-top:8px}.elementor-widget-text-editor:not(.elementor-drop-cap-view-default) .elementor-drop-cap-letter{width:1em;height:1em}.elementor-widget-text-editor .elementor-drop-cap{float:left;text-align:center;line-height:1;font-size:50px}.elementor-widget-text-editor .elementor-drop-cap-letter{display:inline-block}<\/style>\t\t\t\t<p class=\"elementToProof\">A Mathias Corvinus Collegium (MCC) a\u00a0<span id=\"OBJ_PREFIX_DWT436_com_zimbra_date\" class=\"Object\" role=\"link\"><span id=\"OBJ_PREFIX_DWT470_com_zimbra_date\" class=\"Object\" role=\"link\">K<\/span><\/span>\u00e1rp\u00e1t-medence legjelent\u0151sebb tehets\u00e9ggondoz\u00f3 int\u00e9zm\u00e9nyek\u00e9nt 1996 \u00f3ta v\u00e9gzi tev\u00e9kenys\u00e9g\u00e9t, \u00e9s az \u00e1ltal\u00e1nos iskola fels\u0151 tagozat\u00e1t\u00f3l a feln\u0151tt korig m\u0171<span id=\"OBJ_PREFIX_DWT437_com_zimbra_date\" class=\"Object\" role=\"link\"><span id=\"OBJ_PREFIX_DWT471_com_zimbra_date\" class=\"Object\" role=\"link\">k<\/span><\/span>\u00f6dtet\u00a0<span id=\"OBJ_PREFIX_DWT438_com_zimbra_date\" class=\"Object\" role=\"link\"><span id=\"OBJ_PREFIX_DWT472_com_zimbra_date\" class=\"Object\" role=\"link\">k<\/span><\/span>\u00f6zc\u00e9l\u00fa, ingyenes tehets\u00e9ggondoz\u00e1si programokat. Egyed\u00fcl\u00e1ll\u00f3 programj\u00e1nak l\u00e9nyege, hogy a hagyom\u00e1nyos\u00a0<span id=\"OBJ_PREFIX_DWT439_com_zimbra_date\" class=\"Object\" role=\"link\"><span id=\"OBJ_PREFIX_DWT473_com_zimbra_date\" class=\"Object\" role=\"link\">k<\/span><\/span>\u00f6zoktat\u00e1st, egyetemi oktat\u00e1st kieg\u00e9sz\u00edt\u0151, magas szint\u0171\u00a0<span id=\"OBJ_PREFIX_DWT440_com_zimbra_date\" class=\"Object\" role=\"link\"><span id=\"OBJ_PREFIX_DWT474_com_zimbra_date\" class=\"Object\" role=\"link\">k<\/span><\/span>\u00e9pz\u00e9st ny\u00fajt nem csup\u00e1n egy ter\u00fcletet \u00e9rint\u0151en, hanem interdiszciplin\u00e1ris jelleggel.<\/p><p class=\"elementToProof\">\u00a0<\/p><p class=\"elementToProof\">A legkisebbeket \u2013 az \u00e1ltal\u00e1nos iskola fels\u0151 tagozatosait \u2013 a Fiatal Tehets\u00e9g Program, az eggyel id\u0151sebbeket a\u00a0<span id=\"OBJ_PREFIX_DWT441_com_zimbra_date\" class=\"Object\" role=\"link\"><span id=\"OBJ_PREFIX_DWT475_com_zimbra_date\" class=\"Object\" role=\"link\">K<\/span><\/span>\u00f6z\u00e9piskol\u00e1s Program v\u00e1rja, az \u00e9retts\u00e9gizettek pedig az Egyetemi Program\u00a0<span id=\"OBJ_PREFIX_DWT442_com_zimbra_date\" class=\"Object\" role=\"link\"><span id=\"OBJ_PREFIX_DWT476_com_zimbra_date\" class=\"Object\" role=\"link\">k<\/span><\/span>\u00fcl\u00f6nb\u00f6z\u0151 elemeit j\u00e1rhatj\u00e1<span id=\"OBJ_PREFIX_DWT443_com_zimbra_date\" class=\"Object\" role=\"link\"><span id=\"OBJ_PREFIX_DWT477_com_zimbra_date\" class=\"Object\" role=\"link\">k<\/span><\/span>\u00a0v\u00e9gig. Ezt\u00a0<span id=\"OBJ_PREFIX_DWT444_com_zimbra_date\" class=\"Object\" role=\"link\"><span id=\"OBJ_PREFIX_DWT478_com_zimbra_date\" class=\"Object\" role=\"link\">k<\/span><\/span>\u00f6vet\u0151en sz\u00e1mos posztgradu\u00e1lis programunk biztos\u00edt tov\u00e1bbi fejl\u0151d\u00e9si lehet\u0151s\u00e9get, \u00e9s a diplom\u00e1n t\u00fal tov\u00e1bbi\u00a0<span id=\"OBJ_PREFIX_DWT445_com_zimbra_date\" class=\"Object\" role=\"link\"><span id=\"OBJ_PREFIX_DWT479_com_zimbra_date\" class=\"Object\" role=\"link\">k<\/span><\/span>\u00e9pz\u00e9sek is v\u00e1rj\u00e1<span id=\"OBJ_PREFIX_DWT446_com_zimbra_date\" class=\"Object\" role=\"link\"><span id=\"OBJ_PREFIX_DWT480_com_zimbra_date\" class=\"Object\" role=\"link\">k<\/span><\/span>\u00a0az arra nyitott fiatalokat.<\/p><p class=\"elementToProof\">\u00a0<\/p><p class=\"elementToProof\">A Mathias Corvinus Collegium tud\u00e1sk\u00f6zpontk\u00e9nt is m\u0171<span id=\"OBJ_PREFIX_DWT447_com_zimbra_date\" class=\"Object\" role=\"link\"><span id=\"OBJ_PREFIX_DWT481_com_zimbra_date\" class=\"Object\" role=\"link\">k<\/span><\/span>\u00f6dik:\u00a0<span id=\"OBJ_PREFIX_DWT448_com_zimbra_date\" class=\"Object\" role=\"link\"><span id=\"OBJ_PREFIX_DWT482_com_zimbra_date\" class=\"Object\" role=\"link\">k<\/span><\/span>\u00e9pz\u00e9sei mellett mobilit\u00e1si programokat m\u0171<span id=\"OBJ_PREFIX_DWT449_com_zimbra_date\" class=\"Object\" role=\"link\"><span id=\"OBJ_PREFIX_DWT483_com_zimbra_date\" class=\"Object\" role=\"link\">k<\/span><\/span>\u00f6dtet, sz\u00e9lesk\u00f6r\u0171 \u00f6szt\u00f6nd\u00edjprogramokat biztos\u00edt a fiataloknak,\u00a0<span id=\"OBJ_PREFIX_DWT450_com_zimbra_date\" class=\"Object\" role=\"link\"><span id=\"OBJ_PREFIX_DWT484_com_zimbra_date\" class=\"Object\" role=\"link\">k<\/span><\/span>\u00f6nyveket ad ki, tudom\u00e1nyos \u00edr\u00e1sokat jelentet meg, nemzetk\u00f6zi \u00e9s hazai konferenci\u00e1kat, vitaf\u00f3rumokat szervez, a demokratikus p\u00e1rbesz\u00e9d el\u0151mozd\u00edt\u00e1s\u00e1ban, a kultur\u00e1lt\u00a0<span id=\"OBJ_PREFIX_DWT451_com_zimbra_date\" class=\"Object\" role=\"link\"><span id=\"OBJ_PREFIX_DWT485_com_zimbra_date\" class=\"Object\" role=\"link\">k<\/span><\/span>\u00f6z\u00e9leti vit\u00e1<span id=\"OBJ_PREFIX_DWT452_com_zimbra_date\" class=\"Object\" role=\"link\"><span id=\"OBJ_PREFIX_DWT486_com_zimbra_date\" class=\"Object\" role=\"link\">k<\/span><\/span>\u00a0alak\u00edt\u00e1s\u00e1ban v\u00e1llal szerepet. Az MCC a nemzet\u00e9rt \u00e9s a sz\u0171kebb\u00a0<span id=\"OBJ_PREFIX_DWT453_com_zimbra_date\" class=\"Object\" role=\"link\"><span id=\"OBJ_PREFIX_DWT487_com_zimbra_date\" class=\"Object\" role=\"link\">k<\/span><\/span>\u00f6z\u00f6ss\u00e9g\u00fc<span id=\"OBJ_PREFIX_DWT454_com_zimbra_date\" class=\"Object\" role=\"link\"><span id=\"OBJ_PREFIX_DWT488_com_zimbra_date\" class=\"Object\" role=\"link\">k<\/span><\/span>\u00e9rt tenni akar\u00f3, lelkes fiataloknak ad lehet\u0151s\u00e9get arra, hogy\u00a0<span id=\"OBJ_PREFIX_DWT455_com_zimbra_date\" class=\"Object\" role=\"link\"><span id=\"OBJ_PREFIX_DWT489_com_zimbra_date\" class=\"Object\" role=\"link\">k<\/span><\/span>\u00e9pess\u00e9geiket kibontakoztass\u00e1<span id=\"OBJ_PREFIX_DWT456_com_zimbra_date\" class=\"Object\" role=\"link\"><span id=\"OBJ_PREFIX_DWT490_com_zimbra_date\" class=\"Object\" role=\"link\">k<\/span><\/span>, a legkit\u0171n\u0151bb hazai \u00e9s\u00a0<span id=\"OBJ_PREFIX_DWT457_com_zimbra_date\" class=\"Object\" role=\"link\"><span id=\"OBJ_PREFIX_DWT491_com_zimbra_date\" class=\"Object\" role=\"link\">k<\/span><\/span>\u00fclf\u00f6ldi oktat\u00f3kt\u00f3l tanulhassanak, mindezt t\u00e9r\u00edt\u00e9smentesen, f\u00f6ldrajzi \u00e9s anyagi helyzett\u0151l f\u00fcggetlen\u00fcl Magyarorsz\u00e1g jav\u00e1t szolg\u00e1lva \u00e9s az \u00f6sszmagyars\u00e1g boldogul\u00e1s\u00e1t szem el\u0151tt tartva.<\/p>\t\t\t\t\t\t<\/div>\n\t\t\t\t<\/div>\n\t\t\t\t\t<\/div>\n\t\t<\/div>\n\t\t\t\t<div class=\"elementor-column elementor-col-50 elementor-top-column elementor-element elementor-element-89365fe\" data-id=\"89365fe\" data-element_type=\"column\">\n\t\t\t<div class=\"elementor-widget-wrap elementor-element-populated\">\n\t\t\t\t\t\t<div class=\"elementor-element elementor-element-b7e2dc5 elementor-widget elementor-widget-image\" data-id=\"b7e2dc5\" data-element_type=\"widget\" data-widget_type=\"image.default\">\n\t\t\t\t<div class=\"elementor-widget-container\">\n\t\t\t<style>\/*! elementor - v3.23.0 - 25-07-2024 *\/\n.elementor-widget-image{text-align:center}.elementor-widget-image a{display:inline-block}.elementor-widget-image a img[src$=\".svg\"]{width:48px}.elementor-widget-image img{vertical-align:middle;display:inline-block}<\/style>\t\t\t\t\t\t\t\t\t\t<img fetchpriority=\"high\" decoding=\"async\" width=\"640\" height=\"281\" src=\"https:\/\/allasborze.ppke.hu\/wp-content\/uploads\/2026\/04\/MCC-logo_30-kek-sarga-nagy.png\" class=\"attachment-large size-large wp-image-1082\" alt=\"\" srcset=\"https:\/\/allasborze.ppke.hu\/wp-content\/uploads\/2026\/04\/MCC-logo_30-kek-sarga-nagy.png 1016w, https:\/\/allasborze.ppke.hu\/wp-content\/uploads\/2026\/04\/MCC-logo_30-kek-sarga-nagy-300x132.png 300w, https:\/\/allasborze.ppke.hu\/wp-content\/uploads\/2026\/04\/MCC-logo_30-kek-sarga-nagy-768x337.png 768w\" sizes=\"(max-width: 640px) 100vw, 640px\" \/>\t\t\t\t\t\t\t\t\t\t\t\t\t<\/div>\n\t\t\t\t<\/div>\n\t\t\t\t\t<\/div>\n\t\t<\/div>\n\t\t\t\t\t<\/div>\n\t\t<\/section>\n\t\t\t\t<section class=\"elementor-section elementor-top-section elementor-element elementor-element-2cac855 elementor-section-boxed elementor-section-height-default elementor-section-height-default\" data-id=\"2cac855\" data-element_type=\"section\">\n\t\t\t\t\t\t<div class=\"elementor-container elementor-column-gap-default\">\n\t\t\t\t\t<div class=\"elementor-column elementor-col-100 elementor-top-column elementor-element elementor-element-30a1a09\" data-id=\"30a1a09\" data-element_type=\"column\">\n\t\t\t<div class=\"elementor-widget-wrap elementor-element-populated\">\n\t\t\t\t\t\t<div class=\"elementor-element elementor-element-291e75f elementor-widget elementor-widget-heading\" data-id=\"291e75f\" data-element_type=\"widget\" data-widget_type=\"heading.default\">\n\t\t\t\t<div class=\"elementor-widget-container\">\n\t\t\t<h2 class=\"elementor-heading-title elementor-size-default\">Nyitott poz\u00edci\u00f3k:<\/h2>\t\t<\/div>\n\t\t\t\t<\/div>\n\t\t\t\t<div class=\"elementor-element elementor-element-ea4befb elementor-widget elementor-widget-text-editor\" data-id=\"ea4befb\" data-element_type=\"widget\" data-widget_type=\"text-editor.default\">\n\t\t\t\t<div class=\"elementor-widget-container\">\n\t\t\t\t\t\t\t<p>A nyitott poz\u00edci\u00f3k <a href=\"https:\/\/mcc.hu\/karrier\/budapest\" target=\"_blank\" rel=\"noopener\">EZEN<\/a> a linken megtekinthet\u0151k.\u00a0<\/p>\t\t\t\t\t\t<\/div>\n\t\t\t\t<\/div>\n\t\t\t\t\t<\/div>\n\t\t<\/div>\n\t\t\t\t\t<\/div>\n\t\t<\/section>\n\t\t\t\t<\/div>\n\t\t","protected":false},"excerpt":{"rendered":"<p>Mathias Corvinus Collegium A Mathias Corvinus Collegium (MCC) a\u00a0K\u00e1rp\u00e1t-medence legjelent\u0151sebb tehets\u00e9ggondoz\u00f3 int\u00e9zm\u00e9nyek\u00e9nt 1996 \u00f3ta v\u00e9gzi tev\u00e9kenys\u00e9g\u00e9t, \u00e9s az \u00e1ltal\u00e1nos iskola fels\u0151 tagozat\u00e1t\u00f3l a feln\u0151tt korig m\u0171k\u00f6dtet\u00a0k\u00f6zc\u00e9l\u00fa, ingyenes tehets\u00e9ggondoz\u00e1si programokat. Egyed\u00fcl\u00e1ll\u00f3 programj\u00e1nak l\u00e9nyege, hogy a hagyom\u00e1nyos\u00a0k\u00f6zoktat\u00e1st, egyetemi oktat\u00e1st kieg\u00e9sz\u00edt\u0151, magas szint\u0171\u00a0k\u00e9pz\u00e9st ny\u00fajt nem csup\u00e1n egy ter\u00fcletet \u00e9rint\u0151en, hanem interdiszciplin\u00e1ris jelleggel. \u00a0 A legkisebbeket \u2013 az \u00e1ltal\u00e1nos iskola fels\u0151 tagozatosait \u2013 a [&hellip;]<\/p>\n","protected":false},"author":2,"featured_media":0,"parent":211,"menu_order":0,"comment_status":"closed","ping_status":"closed","template":"elementor_header_footer","meta":{"footnotes":""},"class_list":["post-1080","page","type-page","status-publish","hentry"],"_links":{"self":[{"href":"https:\/\/allasborze.ppke.hu\/index.php\/wp-json\/wp\/v2\/pages\/1080","targetHints":{"allow":["GET"]}}],"collection":[{"href":"https:\/\/allasborze.ppke.hu\/index.php\/wp-json\/wp\/v2\/pages"}],"about":[{"href":"https:\/\/allasborze.ppke.hu\/index.php\/wp-json\/wp\/v2\/types\/page"}],"author":[{"embeddable":true,"href":"https:\/\/allasborze.ppke.hu\/index.php\/wp-json\/wp\/v2\/users\/2"}],"replies":[{"embeddable":true,"href":"https:\/\/allasborze.ppke.hu\/index.php\/wp-json\/wp\/v2\/comments?post=1080"}],"version-history":[{"count":8,"href":"https:\/\/allasborze.ppke.hu\/index.php\/wp-json\/wp\/v2\/pages\/1080\/revisions"}],"predecessor-version":[{"id":1168,"href":"https:\/\/allasborze.ppke.hu\/index.php\/wp-json\/wp\/v2\/pages\/1080\/revisions\/1168"}],"up":[{"embeddable":true,"href":"https:\/\/allasborze.ppke.hu\/index.php\/wp-json\/wp\/v2\/pages\/211"}],"wp:attachment":[{"href":"https:\/\/allasborze.ppke.hu\/index.php\/wp-json\/wp\/v2\/media?parent=1080"}],"curies":[{"name":"wp","href":"https:\/\/api.w.org\/{rel}","templated":true}]}}